{"id":11963,"date":"2021-09-03T17:14:29","date_gmt":"2021-09-03T15:14:29","guid":{"rendered":"https:\/\/brac-home.com\/cookies-policy\/"},"modified":"2023-01-10T23:12:21","modified_gmt":"2023-01-10T22:12:21","slug":"cookies-policy","status":"publish","type":"page","link":"https:\/\/brac-home.com\/de\/cookies-policy\/","title":{"rendered":"Cookies policy"},"content":{"rendered":"\t\t<div data-elementor-type=\"wp-page\" data-elementor-id=\"11963\" class=\"elementor elementor-11963 elementor-2492\">\n\t\t\t\t\t\t\t\t\t<section class=\"elementor-section elementor-top-section elementor-element elementor-element-d92fcae elementor-section-boxed elementor-section-height-default elementor-section-height-default\" data-id=\"d92fcae\" data-element_type=\"section\" data-settings=\"{&quot;background_background&quot;:&quot;classic&quot;}\">\n\t\t\t\t\t\t\t<div class=\"elementor-background-overlay\"><\/div>\n\t\t\t\t\t\t\t<div class=\"elementor-container elementor-column-gap-default\">\n\t\t\t\t\t<div class=\"elementor-column elementor-col-100 elementor-top-column elementor-element elementor-element-ae7a650\" data-id=\"ae7a650\" data-element_type=\"column\">\n\t\t\t<div class=\"elementor-widget-wrap elementor-element-populated\">\n\t\t\t\t\t\t\t\t<div class=\"elementor-element elementor-element-99c185d elementor-widget elementor-widget-heading\" data-id=\"99c185d\" data-element_type=\"widget\" data-widget_type=\"heading.default\">\n\t\t\t\t<div class=\"elementor-widget-container\">\n\t\t\t<h1 class=\"elementor-heading-title elementor-size-default\">Cookies policy<\/h1>\t\t<\/div>\n\t\t\t\t<\/div>\n\t\t\t\t<div class=\"elementor-element elementor-element-ad78ff3 elementor-widget elementor-widget-text-editor\" data-id=\"ad78ff3\" data-element_type=\"widget\" data-widget_type=\"text-editor.default\">\n\t\t\t\t<div class=\"elementor-widget-container\">\n\t\t\t\t\t\t\t\t\t\t\t\t\t<\/div>\n\t\t\t\t<\/div>\n\t\t\t\t\t<\/div>\n\t\t<\/div>\n\t\t\t\t\t\t\t<\/div>\n\t\t<\/section>\n\t\t\t\t<section class=\"elementor-section elementor-top-section elementor-element elementor-element-dbd30d8 elementor-section-boxed elementor-section-height-default elementor-section-height-default\" data-id=\"dbd30d8\" data-element_type=\"section\" data-settings=\"{&quot;background_background&quot;:&quot;classic&quot;}\">\n\t\t\t\t\t\t<div class=\"elementor-container elementor-column-gap-default\">\n\t\t\t\t\t<div class=\"elementor-column elementor-col-100 elementor-top-column elementor-element elementor-element-383844a\" data-id=\"383844a\" data-element_type=\"column\">\n\t\t\t<div class=\"elementor-widget-wrap elementor-element-populated\">\n\t\t\t\t\t\t\t\t<div class=\"elementor-element elementor-element-a0c8dba elementor-widget elementor-widget-text-editor\" data-id=\"a0c8dba\" data-element_type=\"widget\" data-widget_type=\"text-editor.default\">\n\t\t\t\t<div class=\"elementor-widget-container\">\n\t\t\t\t\t\t\t<h2>Was sind Cookies?<\/h2>\n<p>Cookies sind kleine Textdateien, die von einem Webserver erstellt und beim Surfen im Internet auf Ihrem Computer oder Mobilger\u00e4t gespeichert werden. Dank dieser Dateien speichert der Webserver Ihre Bewegungen und Vorlieben auf einer Webseite f\u00fcr eine bestimmte Zeit (z. B. die ausgew\u00e4hlte Sprache, Schriftgr\u00f6\u00dfe usw.) und Sie m\u00fcssen sie beim n\u00e4chsten Besuch der Website nicht mehr erneut eingeben. Cookies werden von den meisten Websites und E-Shops f\u00fcr ihre Aktivit\u00e4ten verwendet.<\/p>\n<h2>Geteilte Cookies<\/h2>\n<p>Cookies k\u00f6nnen nach Haltbarkeit in folgende Kategorien eingeteilt werden:<\/p>\n<ul>\n \t<li>Kurzzeit-Cookie (session Cookie) &#8211; wird von Ihrem Computer gel\u00f6scht, wenn Sie den Browser schlie\u00dfen<\/li>\n \t<li>Langzeit-Cookie (persistent Cookie)  &#8211; Nachdem Sie Ihren Browser geschlossen haben, bleiben sie auf Ihrem Computer gespeichert und werden nach einer sehr langen Zeit gel\u00f6scht. (Entsprechend Ihren Browsereinstellungen). Sie k\u00f6nnen sie auch manuell l\u00f6schen.<\/li>\n<\/ul>\n<p>Entsprechend ihrem Zweck k\u00f6nnen wir sie einteilen in:<\/p>\n<ul>\n \t<li>Technische &#8211; dienen zur Bereitstellung grundlegender Website- oder Website-Funktionen (Videowiedergabe, Weitergabe von Inhalten, Anmeldung)<\/li>\n \t<li>Analytische &#8211; verwendet, um nicht anonyme Daten \u00fcber Ihr Verhalten zu sammeln. Auf dieser Grundlage k\u00f6nnen wir die Website bearbeiten, um sie benutzerfreundlicher zu gestalten<\/li>\n \t<li>Remarketing &#8211; Gezielte Auslieferung von Anzeigen an Nutzer<\/li>\n<\/ul>\n<h2>Wie verwenden wir Cookies?<\/h2>\n<p>Diese Website verwendet Cookies f\u00fcr:<\/p>\n<ul>\n \t<li>F\u00fcr die wesentliche Funktionalit\u00e4t der Website<\/li>\n \t<li>Benutzereinstellungen speichern<\/li>\n \t<li>Statistische Informationen zu anonymen Besuchern sammeln<\/li>\n \t<li>F\u00fcr besseren Anzeigenabgleich und Content-Sharing in sozialen Netzwerken<\/li>\n<\/ul>\n<h2>Welche Cookies verwenden wir?<\/h2>\n<h3>Google Analytics<\/h3>\n<p>Google Analytics wird von der Gesellschaft Google, Inc. bereitgestellt.  Es wird zum Erfassen und Sammeln anonymisierter Nutzungsstatistiken \u00fcber die Website verwendet. Das Ziel der Nutzung des Dienstes ist, die Bed\u00fcrfnisse unserer Besucher besser zu verstehen und sicherzustellen, dass sie zufrieden sind. Google Analytics speichert Informationen dar\u00fcber, welche Websites Sie besuchen, wie lange Sie dort bleiben, woher Sie kommen und auf welche Links Sie geklickt haben. Alle Informationen zusammen mit Cookies werden von der Gesellschaft Google, Inc. \u00fcbertragen und auf Servern in den Vereinigten Staaten von Amerika gespeichert. Diese Daten enthalten keine vertraulichen Daten, anhand derer wir einen bestimmten Besucher identifizieren k\u00f6nnen. Die Aufbewahrungszeit dieser Informationen wird auf unbestimmte Zeit festgelegt. Die Gesellschaft Google, Inc. kann diese Daten, wenn gesetzlich vorgeschrieben, an Dritte weitergeben.<\/p>\n\n<p>Weitere Informationen zum Datenschutz finden Sie hier: <a href=\"https:\/\/support.google.com\/analytics\/topic\/2919631?hl=sk&#038;ref_topic=1008008\">https:\/\/support.google.com\/analytics\/topic\/2919631?hl=sk&#038;ref_topic=1008008<\/a><\/p>\n\n<p>Klicken Sie hier, um das Plugin zur Ablehnung von Google Analytics-Cookies zu installieren: <a href=\"https:\/\/tools.google.com\/dlpage\/gaoptout\">https:\/\/tools.google.com\/dlpage\/gaoptou<\/a><\/p>\n<h2>Browsereinstellungen<\/h2>\n<p>Die meisten Webbrowser k\u00f6nnen so eingestellt werden, dass Cookies blockiert werden. Und dies trotz der Tatsache, dass einige Elemente auf der Website m\u00f6glicherweise nicht richtig funktionieren. In der Regel werden Cookies auf den Registerkarten &#8222;Optionen&#8220; oder &#8222;Einstellungen&#8220; festgelegt.<\/p>\n\n<p>Einstellungen f\u00fcr Browser-Cookies:<\/p>\n<ul>\n \t<li>Internet Explorer &#8211; <a href=\"https:\/\/support.microsoft.com\/sk-sk\/help\/17442\/windows-internet-explorer-delete-manage-cookies\">https:\/\/support.microsoft.com\/sk-sk\/help\/17442\/windows-internet-explorer-delete-manage-cookies<\/a><\/li>\n \t<li>Mozilla Firefox &#8211; <a href=\"https:\/\/support.mozilla.org\/sk\/kb\/Spr%C3%A1va%20cookies\">https:\/\/support.mozilla.org\/sk\/kb\/Spr%C3%A1va%20cookies<\/a><\/li>\n \t<li>Google Chrome &#8211; <a href=\"https:\/\/support.google.com\/chrome\/answer\/95647?hl=sk\">https:\/\/support.google.com\/chrome\/answer\/95647?hl=sk<\/a><\/li>\n \t<li>Safari &#8211; <a href=\"https:\/\/support.apple.com\/kb\/ph21411?locale=sk_SK\">https:\/\/support.apple.com\/kb\/ph21411?locale=sk_SK<\/a><\/li>\n<\/ul>\n<p>Weitere Informationen zu Cookies und ihrer Verwendung finden Sie unter https:\/\/aboutcookies.org\/ <a href=\"https:\/\/www.aboutcookies.org\/\">https:\/\/aboutcookies.org\/<\/a><\/p>\t\t\t\t\t\t<\/div>\n\t\t\t\t<\/div>\n\t\t\t\t\t<\/div>\n\t\t<\/div>\n\t\t\t\t\t\t\t<\/div>\n\t\t<\/section>\n\t\t\t\t\t\t\t<\/div>\n\t\t","protected":false},"excerpt":{"rendered":"<p>Cookies policy Was sind Cookies? Cookies sind kleine Textdateien, die von einem Webserver erstellt und beim Surfen im Internet auf Ihrem Computer oder Mobilger\u00e4t gespeichert werden. Dank dieser Dateien speichert der Webserver Ihre Bewegungen und Vorlieben auf einer Webseite f\u00fcr eine bestimmte Zeit (z. B. die ausgew\u00e4hlte Sprache, Schriftgr\u00f6\u00dfe usw.) und Sie m\u00fcssen sie beim &hellip;<\/p>\n<p class=\"read-more\"> <a class=\"\" href=\"https:\/\/brac-home.com\/de\/cookies-policy\/\"> <span class=\"screen-reader-text\">Cookies policy<\/span> Weiterlesen &raquo;<\/a><\/p>\n","protected":false},"author":1,"featured_media":0,"parent":0,"menu_order":0,"comment_status":"closed","ping_status":"closed","template":"","meta":[],"yoast_head":"<!-- This site is optimized with the Yoast SEO plugin v19.10 - https:\/\/yoast.com\/wordpress\/plugins\/seo\/ -->\n<title>Cookies policy | BRAC-HOME.com<\/title>\n<meta name=\"description\" content=\"Cookies s\u00fa mal\u00e9 textov\u00e9 s\u00fabory vytv\u00e1ran\u00e9 webov\u00fdm serverom a ukladan\u00e9 vo Va\u0161om po\u010d\u00edta\u010di alebo mobilnom zariaden\u00ed pri prehliadan\u00ed webu.\" \/>\n<meta name=\"robots\" content=\"index, follow, max-snippet:-1, max-image-preview:large, max-video-preview:-1\" \/>\n<link rel=\"canonical\" href=\"https:\/\/brac-home.com\/de\/cookies-policy\/\" \/>\n<meta property=\"og:locale\" content=\"de_DE\" \/>\n<meta property=\"og:type\" content=\"article\" \/>\n<meta property=\"og:title\" content=\"Cookies policy | BRAC-HOME.com\" \/>\n<meta property=\"og:description\" content=\"Cookies s\u00fa mal\u00e9 textov\u00e9 s\u00fabory vytv\u00e1ran\u00e9 webov\u00fdm serverom a ukladan\u00e9 vo Va\u0161om po\u010d\u00edta\u010di alebo mobilnom zariaden\u00ed pri prehliadan\u00ed webu.\" \/>\n<meta property=\"og:url\" content=\"https:\/\/brac-home.com\/de\/cookies-policy\/\" \/>\n<meta property=\"og:site_name\" content=\"BRAC-HOME.com\" \/>\n<meta property=\"article:publisher\" content=\"https:\/\/www.facebook.com\/Magical-Island-Home-105588281777189\/?ref=py_c\" \/>\n<meta property=\"article:modified_time\" content=\"2023-01-10T22:12:21+00:00\" \/>\n<meta name=\"twitter:card\" content=\"summary_large_image\" \/>\n<meta name=\"twitter:label1\" content=\"Gesch\u00e4tzte Lesezeit\" \/>\n\t<meta name=\"twitter:data1\" content=\"3 Minuten\" \/>\n<script type=\"application\/ld+json\" class=\"yoast-schema-graph\">{\"@context\":\"https:\/\/schema.org\",\"@graph\":[{\"@type\":\"WebPage\",\"@id\":\"https:\/\/brac-home.com\/de\/cookies-policy\/\",\"url\":\"https:\/\/brac-home.com\/de\/cookies-policy\/\",\"name\":\"Cookies policy | BRAC-HOME.com\",\"isPartOf\":{\"@id\":\"https:\/\/brac-home.com\/de\/#website\"},\"datePublished\":\"2021-09-03T15:14:29+00:00\",\"dateModified\":\"2023-01-10T22:12:21+00:00\",\"description\":\"Cookies s\u00fa mal\u00e9 textov\u00e9 s\u00fabory vytv\u00e1ran\u00e9 webov\u00fdm serverom a ukladan\u00e9 vo Va\u0161om po\u010d\u00edta\u010di alebo mobilnom zariaden\u00ed pri prehliadan\u00ed webu.\",\"breadcrumb\":{\"@id\":\"https:\/\/brac-home.com\/de\/cookies-policy\/#breadcrumb\"},\"inLanguage\":\"de-DE\",\"potentialAction\":[{\"@type\":\"ReadAction\",\"target\":[\"https:\/\/brac-home.com\/de\/cookies-policy\/\"]}]},{\"@type\":\"BreadcrumbList\",\"@id\":\"https:\/\/brac-home.com\/de\/cookies-policy\/#breadcrumb\",\"itemListElement\":[{\"@type\":\"ListItem\",\"position\":1,\"name\":\"Domovsk\u00e1 str\u00e1nka\",\"item\":\"https:\/\/brac-home.com\/de\/\"},{\"@type\":\"ListItem\",\"position\":2,\"name\":\"Cookies policy\"}]},{\"@type\":\"WebSite\",\"@id\":\"https:\/\/brac-home.com\/de\/#website\",\"url\":\"https:\/\/brac-home.com\/de\/\",\"name\":\"BRAC-HOME.com\",\"description\":\"Unterkunft in Kroatien, Insel Brac\",\"publisher\":{\"@id\":\"https:\/\/brac-home.com\/de\/#organization\"},\"potentialAction\":[{\"@type\":\"SearchAction\",\"target\":{\"@type\":\"EntryPoint\",\"urlTemplate\":\"https:\/\/brac-home.com\/de\/?s={search_term_string}\"},\"query-input\":\"required name=search_term_string\"}],\"inLanguage\":\"de-DE\"},{\"@type\":\"Organization\",\"@id\":\"https:\/\/brac-home.com\/de\/#organization\",\"name\":\"BRAC-HOME.com\",\"url\":\"https:\/\/brac-home.com\/de\/\",\"logo\":{\"@type\":\"ImageObject\",\"inLanguage\":\"de-DE\",\"@id\":\"https:\/\/brac-home.com\/de\/#\/schema\/logo\/image\/\",\"url\":\"https:\/\/brac-home.com\/wp-content\/uploads\/2022\/02\/Brac-Home_FINAL-2.png\",\"contentUrl\":\"https:\/\/brac-home.com\/wp-content\/uploads\/2022\/02\/Brac-Home_FINAL-2.png\",\"width\":405,\"height\":293,\"caption\":\"BRAC-HOME.com\"},\"image\":{\"@id\":\"https:\/\/brac-home.com\/de\/#\/schema\/logo\/image\/\"},\"sameAs\":[\"https:\/\/www.instagram.com\/brac_home\/\",\"https:\/\/www.youtube.com\/channel\/UCwhl2AVDxYKgUtssqaxfH6A\",\"https:\/\/www.facebook.com\/Magical-Island-Home-105588281777189\/?ref=py_c\"]}]}<\/script>\n<!-- \/ Yoast SEO plugin. -->","yoast_head_json":{"title":"Cookies policy | BRAC-HOME.com","description":"Cookies s\u00fa mal\u00e9 textov\u00e9 s\u00fabory vytv\u00e1ran\u00e9 webov\u00fdm serverom a ukladan\u00e9 vo Va\u0161om po\u010d\u00edta\u010di alebo mobilnom zariaden\u00ed pri prehliadan\u00ed webu.","robots":{"index":"index","follow":"follow","max-snippet":"max-snippet:-1","max-image-preview":"max-image-preview:large","max-video-preview":"max-video-preview:-1"},"canonical":"https:\/\/brac-home.com\/de\/cookies-policy\/","og_locale":"de_DE","og_type":"article","og_title":"Cookies policy | BRAC-HOME.com","og_description":"Cookies s\u00fa mal\u00e9 textov\u00e9 s\u00fabory vytv\u00e1ran\u00e9 webov\u00fdm serverom a ukladan\u00e9 vo Va\u0161om po\u010d\u00edta\u010di alebo mobilnom zariaden\u00ed pri prehliadan\u00ed webu.","og_url":"https:\/\/brac-home.com\/de\/cookies-policy\/","og_site_name":"BRAC-HOME.com","article_publisher":"https:\/\/www.facebook.com\/Magical-Island-Home-105588281777189\/?ref=py_c","article_modified_time":"2023-01-10T22:12:21+00:00","twitter_card":"summary_large_image","twitter_misc":{"Gesch\u00e4tzte Lesezeit":"3 Minuten"},"schema":{"@context":"https:\/\/schema.org","@graph":[{"@type":"WebPage","@id":"https:\/\/brac-home.com\/de\/cookies-policy\/","url":"https:\/\/brac-home.com\/de\/cookies-policy\/","name":"Cookies policy | BRAC-HOME.com","isPartOf":{"@id":"https:\/\/brac-home.com\/de\/#website"},"datePublished":"2021-09-03T15:14:29+00:00","dateModified":"2023-01-10T22:12:21+00:00","description":"Cookies s\u00fa mal\u00e9 textov\u00e9 s\u00fabory vytv\u00e1ran\u00e9 webov\u00fdm serverom a ukladan\u00e9 vo Va\u0161om po\u010d\u00edta\u010di alebo mobilnom zariaden\u00ed pri prehliadan\u00ed webu.","breadcrumb":{"@id":"https:\/\/brac-home.com\/de\/cookies-policy\/#breadcrumb"},"inLanguage":"de-DE","potentialAction":[{"@type":"ReadAction","target":["https:\/\/brac-home.com\/de\/cookies-policy\/"]}]},{"@type":"BreadcrumbList","@id":"https:\/\/brac-home.com\/de\/cookies-policy\/#breadcrumb","itemListElement":[{"@type":"ListItem","position":1,"name":"Domovsk\u00e1 str\u00e1nka","item":"https:\/\/brac-home.com\/de\/"},{"@type":"ListItem","position":2,"name":"Cookies policy"}]},{"@type":"WebSite","@id":"https:\/\/brac-home.com\/de\/#website","url":"https:\/\/brac-home.com\/de\/","name":"BRAC-HOME.com","description":"Unterkunft in Kroatien, Insel Brac","publisher":{"@id":"https:\/\/brac-home.com\/de\/#organization"},"potentialAction":[{"@type":"SearchAction","target":{"@type":"EntryPoint","urlTemplate":"https:\/\/brac-home.com\/de\/?s={search_term_string}"},"query-input":"required name=search_term_string"}],"inLanguage":"de-DE"},{"@type":"Organization","@id":"https:\/\/brac-home.com\/de\/#organization","name":"BRAC-HOME.com","url":"https:\/\/brac-home.com\/de\/","logo":{"@type":"ImageObject","inLanguage":"de-DE","@id":"https:\/\/brac-home.com\/de\/#\/schema\/logo\/image\/","url":"https:\/\/brac-home.com\/wp-content\/uploads\/2022\/02\/Brac-Home_FINAL-2.png","contentUrl":"https:\/\/brac-home.com\/wp-content\/uploads\/2022\/02\/Brac-Home_FINAL-2.png","width":405,"height":293,"caption":"BRAC-HOME.com"},"image":{"@id":"https:\/\/brac-home.com\/de\/#\/schema\/logo\/image\/"},"sameAs":["https:\/\/www.instagram.com\/brac_home\/","https:\/\/www.youtube.com\/channel\/UCwhl2AVDxYKgUtssqaxfH6A","https:\/\/www.facebook.com\/Magical-Island-Home-105588281777189\/?ref=py_c"]}]}},"_links":{"self":[{"href":"https:\/\/brac-home.com\/de\/wp-json\/wp\/v2\/pages\/11963"}],"collection":[{"href":"https:\/\/brac-home.com\/de\/wp-json\/wp\/v2\/pages"}],"about":[{"href":"https:\/\/brac-home.com\/de\/wp-json\/wp\/v2\/types\/page"}],"author":[{"embeddable":true,"href":"https:\/\/brac-home.com\/de\/wp-json\/wp\/v2\/users\/1"}],"replies":[{"embeddable":true,"href":"https:\/\/brac-home.com\/de\/wp-json\/wp\/v2\/comments?post=11963"}],"version-history":[{"count":4,"href":"https:\/\/brac-home.com\/de\/wp-json\/wp\/v2\/pages\/11963\/revisions"}],"predecessor-version":[{"id":11971,"href":"https:\/\/brac-home.com\/de\/wp-json\/wp\/v2\/pages\/11963\/revisions\/11971"}],"wp:attachment":[{"href":"https:\/\/brac-home.com\/de\/wp-json\/wp\/v2\/media?parent=11963"}],"curies":[{"name":"wp","href":"https:\/\/api.w.org\/{rel}","templated":true}]}}