{"id":2985,"date":"2021-10-20T08:51:22","date_gmt":"2021-10-20T06:51:22","guid":{"rendered":"https:\/\/brac-home.com\/?page_id=2985"},"modified":"2022-07-26T18:24:07","modified_gmt":"2022-07-26T16:24:07","slug":"book-now","status":"publish","type":"page","link":"https:\/\/brac-home.com\/en\/book-now\/","title":{"rendered":"Book now"},"content":{"rendered":"\t\t<div data-elementor-type=\"wp-page\" data-elementor-id=\"2985\" class=\"elementor elementor-2985 elementor-2983\">\n\t\t\t\t\t\t\t\t\t<section class=\"elementor-section elementor-top-section elementor-element elementor-element-a7b4bb6 elementor-section-boxed elementor-section-height-default elementor-section-height-default\" data-id=\"a7b4bb6\" data-element_type=\"section\" data-settings=\"{&quot;background_background&quot;:&quot;classic&quot;}\">\n\t\t\t\t\t\t\t<div class=\"elementor-background-overlay\"><\/div>\n\t\t\t\t\t\t\t<div class=\"elementor-container elementor-column-gap-default\">\n\t\t\t\t\t<div class=\"elementor-column elementor-col-100 elementor-top-column elementor-element elementor-element-11815e6\" data-id=\"11815e6\" data-element_type=\"column\">\n\t\t\t<div class=\"elementor-widget-wrap elementor-element-populated\">\n\t\t\t\t\t\t\t\t<div class=\"elementor-element elementor-element-8a7d18d elementor-widget elementor-widget-text-editor\" data-id=\"8a7d18d\" data-element_type=\"widget\" data-widget_type=\"text-editor.default\">\n\t\t\t\t<div class=\"elementor-widget-container\">\n\t\t\t\t\t\t\t<p>Choose from our offer of rooms for rent and experience an amazing vacation on the island of Brac in Croatia.<\/p>\t\t\t\t\t\t<\/div>\n\t\t\t\t<\/div>\n\t\t\t\t\t<\/div>\n\t\t<\/div>\n\t\t\t\t\t\t\t<\/div>\n\t\t<\/section>\n\t\t\t\t<section class=\"elementor-section elementor-top-section elementor-element elementor-element-b778c24 elementor-section-boxed elementor-section-height-default elementor-section-height-default\" data-id=\"b778c24\" data-element_type=\"section\" data-settings=\"{&quot;background_background&quot;:&quot;gradient&quot;}\">\n\t\t\t\t\t\t<div class=\"elementor-container elementor-column-gap-no\">\n\t\t\t\t\t<div class=\"elementor-column elementor-col-100 elementor-top-column elementor-element elementor-element-83a8252\" data-id=\"83a8252\" data-element_type=\"column\">\n\t\t\t<div class=\"elementor-widget-wrap elementor-element-populated\">\n\t\t\t\t\t\t\t\t<div class=\"elementor-element elementor-element-e9862c3 elementor-widget elementor-widget-button\" data-id=\"e9862c3\" data-element_type=\"widget\" data-widget_type=\"button.default\">\n\t\t\t\t<div class=\"elementor-widget-container\">\n\t\t\t\t\t<div class=\"elementor-button-wrapper\">\n\t\t\t<a href=\"mailto:info@brac-home.com\" class=\"elementor-button-link elementor-button elementor-size-sm\" role=\"button\">\n\t\t\t\t\t\t<span class=\"elementor-button-content-wrapper\">\n\t\t\t\t\t\t\t<span class=\"elementor-button-icon elementor-align-icon-left\">\n\t\t\t\t<i aria-hidden=\"true\" class=\"far fa-thumbs-up\"><\/i>\t\t\t<\/span>\n\t\t\t\t\t\t<span class=\"elementor-button-text\">can i help you?<\/span>\n\t\t<\/span>\n\t\t\t\t\t<\/a>\n\t\t<\/div>\n\t\t\t\t<\/div>\n\t\t\t\t<\/div>\n\t\t\t\t<div class=\"elementor-element elementor-element-b63fdf4 elementor-widget elementor-widget-text-editor\" data-id=\"b63fdf4\" data-element_type=\"widget\" data-widget_type=\"text-editor.default\">\n\t\t\t\t<div class=\"elementor-widget-container\">\n\t\t\t\t\t\t\t\r\n\t<script type=\"text\/javascript\" src=\"https:\/\/booking.previo.cz\/iframe\/\"><\/script>\r\n\t<iframe loading=\"lazy\" id=\"previo-booking-iframe\" src=\"https:\/\/booking.previo.cz\/?hotId=755911&amp;showRoomType=&amp;lang=en\" name=\"previo-booking-iframe\" width=\"100%\" height=\"2000\" frameborder=\"0\" scrolling=\"no\"><\/iframe>\r\n\t\t\t\t\t\t\t<\/div>\n\t\t\t\t<\/div>\n\t\t\t\t<section class=\"elementor-section elementor-inner-section elementor-element elementor-element-fc90b85 elementor-section-boxed elementor-section-height-default elementor-section-height-default\" data-id=\"fc90b85\" data-element_type=\"section\">\n\t\t\t\t\t\t<div class=\"elementor-container elementor-column-gap-default\">\n\t\t\t\t\t<div class=\"elementor-column elementor-col-50 elementor-inner-column elementor-element elementor-element-454c56b\" data-id=\"454c56b\" data-element_type=\"column\">\n\t\t\t<div class=\"elementor-widget-wrap\">\n\t\t\t\t\t\t\t\t\t<\/div>\n\t\t<\/div>\n\t\t\t\t<div class=\"elementor-column elementor-col-50 elementor-inner-column elementor-element elementor-element-b46ca61\" data-id=\"b46ca61\" data-element_type=\"column\">\n\t\t\t<div class=\"elementor-widget-wrap\">\n\t\t\t\t\t\t\t\t\t<\/div>\n\t\t<\/div>\n\t\t\t\t\t\t\t<\/div>\n\t\t<\/section>\n\t\t\t\t<section class=\"elementor-section elementor-inner-section elementor-element elementor-element-4639ae1 elementor-section-boxed elementor-section-height-default elementor-section-height-default\" data-id=\"4639ae1\" data-element_type=\"section\">\n\t\t\t\t\t\t<div class=\"elementor-container elementor-column-gap-no\">\n\t\t\t\t\t<div class=\"elementor-column elementor-col-100 elementor-inner-column elementor-element elementor-element-792efc9\" data-id=\"792efc9\" data-element_type=\"column\">\n\t\t\t<div class=\"elementor-widget-wrap\">\n\t\t\t\t\t\t\t\t\t<\/div>\n\t\t<\/div>\n\t\t\t\t\t\t\t<\/div>\n\t\t<\/section>\n\t\t\t\t\t<\/div>\n\t\t<\/div>\n\t\t\t\t\t\t\t<\/div>\n\t\t<\/section>\n\t\t\t\t<section class=\"elementor-section elementor-top-section elementor-element elementor-element-b30a66c elementor-hidden-desktop elementor-hidden-tablet elementor-hidden-phone elementor-section-boxed elementor-section-height-default elementor-section-height-default\" data-id=\"b30a66c\" data-element_type=\"section\" data-settings=\"{&quot;background_background&quot;:&quot;gradient&quot;}\">\n\t\t\t\t\t\t<div class=\"elementor-container elementor-column-gap-no\">\n\t\t\t\t\t<div class=\"elementor-column elementor-col-100 elementor-top-column elementor-element elementor-element-99fd74a\" data-id=\"99fd74a\" data-element_type=\"column\">\n\t\t\t<div class=\"elementor-widget-wrap elementor-element-populated\">\n\t\t\t\t\t\t\t\t<div class=\"elementor-element elementor-element-9092737 elementor-widget__width-initial elementor-widget-tablet__width-initial elementor-widget-mobile__width-inherit elementor-position-top elementor-vertical-align-top elementor-widget elementor-widget-image-box\" data-id=\"9092737\" data-element_type=\"widget\" data-widget_type=\"image-box.default\">\n\t\t\t\t<div class=\"elementor-widget-container\">\n\t\t\t<div class=\"elementor-image-box-wrapper\"><div class=\"elementor-image-box-content\"><h2 class=\"elementor-image-box-title\">Accommodation offer on Bra\u010d<\/h2><p class=\"elementor-image-box-description\">Pon\u00fakame V\u00e1m na pren\u00e1jom nasledovn\u00e9 apartm\u00e1ny.We offer for rent the following apartments.<\/p><\/div><\/div>\t\t<\/div>\n\t\t\t\t<\/div>\n\t\t\t\t<div class=\"elementor-element elementor-element-d10f6bb elementor-align-right elementor-widget__width-initial elementor-mobile-align-center elementor-widget-tablet__width-initial elementor-widget-mobile__width-inherit elementor-hidden-desktop elementor-hidden-tablet elementor-hidden-phone elementor-widget elementor-widget-button\" data-id=\"d10f6bb\" data-element_type=\"widget\" data-widget_type=\"button.default\">\n\t\t\t\t<div class=\"elementor-widget-container\">\n\t\t\t\t\t<div class=\"elementor-button-wrapper\">\n\t\t\t<a href=\"#\" class=\"elementor-button-link elementor-button elementor-size-sm\" role=\"button\">\n\t\t\t\t\t\t<span class=\"elementor-button-content-wrapper\">\n\t\t\t\t\t\t\t<span class=\"elementor-button-icon elementor-align-icon-left\">\n\t\t\t\t<i aria-hidden=\"true\" class=\"fas fa-angle-right\"><\/i>\t\t\t<\/span>\n\t\t\t\t\t\t<span class=\"elementor-button-text\">View All<\/span>\n\t\t<\/span>\n\t\t\t\t\t<\/a>\n\t\t<\/div>\n\t\t\t\t<\/div>\n\t\t\t\t<\/div>\n\t\t\t\t<section class=\"elementor-section elementor-inner-section elementor-element elementor-element-66f2c64 elementor-section-boxed elementor-section-height-default elementor-section-height-default\" data-id=\"66f2c64\" data-element_type=\"section\">\n\t\t\t\t\t\t<div class=\"elementor-container elementor-column-gap-no\">\n\t\t\t\t\t<div class=\"elementor-column elementor-col-50 elementor-inner-column elementor-element elementor-element-b0da3e0\" data-id=\"b0da3e0\" data-element_type=\"column\">\n\t\t\t<div class=\"elementor-widget-wrap elementor-element-populated\">\n\t\t\t\t\t\t\t\t<div class=\"elementor-element elementor-element-a4debce elementor-widget elementor-widget-image\" data-id=\"a4debce\" data-element_type=\"widget\" data-widget_type=\"image.default\">\n\t\t\t\t<div class=\"elementor-widget-container\">\n\t\t\t\t\t\t\t\t\t\t\t\t\t\t\t<img decoding=\"async\" width=\"2002\" height=\"2000\" src=\"https:\/\/brac-home.com\/wp-content\/uploads\/2021\/07\/Heritage-home.jpg\" class=\"attachment-full size-full\" alt=\"\" loading=\"lazy\" srcset=\"https:\/\/brac-home.com\/wp-content\/uploads\/2021\/07\/Heritage-home.jpg 2002w, https:\/\/brac-home.com\/wp-content\/uploads\/2021\/07\/Heritage-home-300x300.jpg 300w, https:\/\/brac-home.com\/wp-content\/uploads\/2021\/07\/Heritage-home-1024x1024.jpg 1024w, https:\/\/brac-home.com\/wp-content\/uploads\/2021\/07\/Heritage-home-150x150.jpg 150w, https:\/\/brac-home.com\/wp-content\/uploads\/2021\/07\/Heritage-home-768x767.jpg 768w, https:\/\/brac-home.com\/wp-content\/uploads\/2021\/07\/Heritage-home-1536x1534.jpg 1536w, https:\/\/brac-home.com\/wp-content\/uploads\/2021\/07\/Heritage-home-164x164.jpg 164w\" sizes=\"(max-width: 2002px) 100vw, 2002px\" \/>\t\t\t\t\t\t\t\t\t\t\t\t\t\t\t<\/div>\n\t\t\t\t<\/div>\n\t\t\t\t<div class=\"elementor-element elementor-element-653848e elementor-position-top elementor-vertical-align-top elementor-widget elementor-widget-image-box\" data-id=\"653848e\" data-element_type=\"widget\" data-widget_type=\"image-box.default\">\n\t\t\t\t<div class=\"elementor-widget-container\">\n\t\t\t<div class=\"elementor-image-box-wrapper\"><div class=\"elementor-image-box-content\"><h3 class=\"elementor-image-box-title\">Island Getaway - Heritage House<\/h3><p class=\"elementor-image-box-description\">Absolute privacy between the resorts of Mirca and Sutivan on the island of Brac. Experience a holiday in an iconic stone house in the old Dalmatian style a short walk from the beach.<\/p><\/div><\/div>\t\t<\/div>\n\t\t\t\t<\/div>\n\t\t\t\t<div class=\"elementor-element elementor-element-088734a elementor-align-left elementor-widget__width-initial elementor-mobile-align-left elementor-widget-tablet__width-initial elementor-widget-mobile__width-inherit elementor-widget elementor-widget-button\" data-id=\"088734a\" data-element_type=\"widget\" data-widget_type=\"button.default\">\n\t\t\t\t<div class=\"elementor-widget-container\">\n\t\t\t\t\t<div class=\"elementor-button-wrapper\">\n\t\t\t<a href=\"http:\/\/www.booking.com\/Share-4nXHQO\" target=\"_blank\" class=\"elementor-button-link elementor-button elementor-size-sm\" role=\"button\">\n\t\t\t\t\t\t<span class=\"elementor-button-content-wrapper\">\n\t\t\t\t\t\t<span class=\"elementor-button-text\">Book now<\/span>\n\t\t<\/span>\n\t\t\t\t\t<\/a>\n\t\t<\/div>\n\t\t\t\t<\/div>\n\t\t\t\t<\/div>\n\t\t\t\t\t<\/div>\n\t\t<\/div>\n\t\t\t\t<div class=\"elementor-column elementor-col-50 elementor-inner-column elementor-element elementor-element-5903b0d\" data-id=\"5903b0d\" data-element_type=\"column\">\n\t\t\t<div class=\"elementor-widget-wrap elementor-element-populated\">\n\t\t\t\t\t\t\t\t<div class=\"elementor-element elementor-element-a5febb5 elementor-widget elementor-widget-image\" data-id=\"a5febb5\" data-element_type=\"widget\" data-widget_type=\"image.default\">\n\t\t\t\t<div class=\"elementor-widget-container\">\n\t\t\t\t\t\t\t\t\t\t\t\t\t\t\t<img decoding=\"async\" width=\"2001\" height=\"2000\" src=\"https:\/\/brac-home.com\/wp-content\/uploads\/2021\/06\/home_magic2.jpg\" class=\"attachment-full size-full\" alt=\"\" loading=\"lazy\" srcset=\"https:\/\/brac-home.com\/wp-content\/uploads\/2021\/06\/home_magic2.jpg 2001w, https:\/\/brac-home.com\/wp-content\/uploads\/2021\/06\/home_magic2-300x300.jpg 300w, https:\/\/brac-home.com\/wp-content\/uploads\/2021\/06\/home_magic2-1024x1024.jpg 1024w, https:\/\/brac-home.com\/wp-content\/uploads\/2021\/06\/home_magic2-150x150.jpg 150w, https:\/\/brac-home.com\/wp-content\/uploads\/2021\/06\/home_magic2-768x768.jpg 768w, https:\/\/brac-home.com\/wp-content\/uploads\/2021\/06\/home_magic2-1536x1536.jpg 1536w, https:\/\/brac-home.com\/wp-content\/uploads\/2021\/06\/home_magic2-164x164.jpg 164w\" sizes=\"(max-width: 2001px) 100vw, 2001px\" \/>\t\t\t\t\t\t\t\t\t\t\t\t\t\t\t<\/div>\n\t\t\t\t<\/div>\n\t\t\t\t<div class=\"elementor-element elementor-element-bda6ba8 elementor-position-top elementor-vertical-align-top elementor-widget elementor-widget-image-box\" data-id=\"bda6ba8\" data-element_type=\"widget\" data-widget_type=\"image-box.default\">\n\t\t\t\t<div class=\"elementor-widget-container\">\n\t\t\t<div class=\"elementor-image-box-wrapper\"><div class=\"elementor-image-box-content\"><h3 class=\"elementor-image-box-title\">Magical Island Home<\/h3><p class=\"elementor-image-box-description\">Iconic accommodation on the island of Bra\u010d in Croatia in absolute privacy. Treat yourself to your luxurious, undisturbed holiday in Croatia.<\/p><\/div><\/div>\t\t<\/div>\n\t\t\t\t<\/div>\n\t\t\t\t<div class=\"elementor-element elementor-element-f83dfc0 elementor-align-left elementor-widget__width-initial elementor-mobile-align-left elementor-widget-tablet__width-initial elementor-widget-mobile__width-inherit elementor-widget elementor-widget-button\" data-id=\"f83dfc0\" data-element_type=\"widget\" data-widget_type=\"button.default\">\n\t\t\t\t<div class=\"elementor-widget-container\">\n\t\t\t\t\t<div class=\"elementor-button-wrapper\">\n\t\t\t<a href=\"https:\/\/www.booking.com\/hotel\/hr\/magical-island-home.en-gb.html?aid=1258472&#038;checkin=2021-09-05&#038;checkout=2021-09-12&#038;dest_id=-89241&#038;dest_type=city&#038;group_adults=2&#038;group_children=0&#038;label=Share-XVcnslk%401628869171&#038;no_rooms=1&#038;room1=A%2CA\" target=\"_blank\" class=\"elementor-button-link elementor-button elementor-size-sm\" role=\"button\">\n\t\t\t\t\t\t<span class=\"elementor-button-content-wrapper\">\n\t\t\t\t\t\t<span class=\"elementor-button-text\">Book now<\/span>\n\t\t<\/span>\n\t\t\t\t\t<\/a>\n\t\t<\/div>\n\t\t\t\t<\/div>\n\t\t\t\t<\/div>\n\t\t\t\t\t<\/div>\n\t\t<\/div>\n\t\t\t\t\t\t\t<\/div>\n\t\t<\/section>\n\t\t\t\t\t<\/div>\n\t\t<\/div>\n\t\t\t\t\t\t\t<\/div>\n\t\t<\/section>\n\t\t\t\t\t\t\t<\/div>\n\t\t","protected":false},"excerpt":{"rendered":"<p>Choose from our offer of rooms for rent and experience an amazing vacation on the island of Brac in Croatia. can i help you? Accommodation offer on Bra\u010d Pon\u00fakame V\u00e1m na pren\u00e1jom nasledovn\u00e9 apartm\u00e1ny.We offer for rent the following apartments. View All Island Getaway &#8211; Heritage House Absolute privacy between the resorts of Mirca and &hellip;<\/p>\n<p class=\"read-more\"> <a class=\"\" href=\"https:\/\/brac-home.com\/en\/book-now\/\"> <span class=\"screen-reader-text\">Book now<\/span> Read More &raquo;<\/a><\/p>\n","protected":false},"author":1,"featured_media":0,"parent":0,"menu_order":0,"comment_status":"closed","ping_status":"closed","template":"","meta":[],"yoast_head":"<!-- This site is optimized with the Yoast SEO plugin v19.10 - https:\/\/yoast.com\/wordpress\/plugins\/seo\/ -->\n<title>Book now | BRAC-HOME.com<\/title>\n<meta name=\"robots\" content=\"index, follow, max-snippet:-1, max-image-preview:large, max-video-preview:-1\" \/>\n<link rel=\"canonical\" href=\"https:\/\/brac-home.com\/en\/book-now\/\" \/>\n<meta property=\"og:locale\" content=\"en_US\" \/>\n<meta property=\"og:type\" content=\"article\" \/>\n<meta property=\"og:title\" content=\"Book now | BRAC-HOME.com\" \/>\n<meta property=\"og:description\" content=\"Choose from our offer of rooms for rent and experience an amazing vacation on the island of Brac in Croatia. can i help you? Accommodation offer on Bra\u010d Pon\u00fakame V\u00e1m na pren\u00e1jom nasledovn\u00e9 apartm\u00e1ny.We offer for rent the following apartments. View All Island Getaway &#8211; Heritage House Absolute privacy between the resorts of Mirca and &hellip; Book now Read More &raquo;\" \/>\n<meta property=\"og:url\" content=\"https:\/\/brac-home.com\/en\/book-now\/\" \/>\n<meta property=\"og:site_name\" content=\"BRAC-HOME.com\" \/>\n<meta property=\"article:publisher\" content=\"https:\/\/www.facebook.com\/Magical-Island-Home-105588281777189\/?ref=py_c\" \/>\n<meta property=\"article:modified_time\" content=\"2022-07-26T16:24:07+00:00\" \/>\n<meta property=\"og:image\" content=\"https:\/\/brac-home.com\/wp-content\/uploads\/2021\/07\/Heritage-home.jpg\" \/>\n<meta name=\"twitter:card\" content=\"summary_large_image\" \/>\n<meta name=\"twitter:label1\" content=\"Est. reading time\" \/>\n\t<meta name=\"twitter:data1\" content=\"1 minute\" \/>\n<script type=\"application\/ld+json\" class=\"yoast-schema-graph\">{\"@context\":\"https:\/\/schema.org\",\"@graph\":[{\"@type\":\"WebPage\",\"@id\":\"https:\/\/brac-home.com\/en\/book-now\/\",\"url\":\"https:\/\/brac-home.com\/en\/book-now\/\",\"name\":\"Book now | BRAC-HOME.com\",\"isPartOf\":{\"@id\":\"https:\/\/brac-home.com\/en\/#website\"},\"datePublished\":\"2021-10-20T06:51:22+00:00\",\"dateModified\":\"2022-07-26T16:24:07+00:00\",\"breadcrumb\":{\"@id\":\"https:\/\/brac-home.com\/en\/book-now\/#breadcrumb\"},\"inLanguage\":\"en-US\",\"potentialAction\":[{\"@type\":\"ReadAction\",\"target\":[\"https:\/\/brac-home.com\/en\/book-now\/\"]}]},{\"@type\":\"BreadcrumbList\",\"@id\":\"https:\/\/brac-home.com\/en\/book-now\/#breadcrumb\",\"itemListElement\":[{\"@type\":\"ListItem\",\"position\":1,\"name\":\"Domovsk\u00e1 str\u00e1nka\",\"item\":\"https:\/\/brac-home.com\/en\/\"},{\"@type\":\"ListItem\",\"position\":2,\"name\":\"Book now\"}]},{\"@type\":\"WebSite\",\"@id\":\"https:\/\/brac-home.com\/en\/#website\",\"url\":\"https:\/\/brac-home.com\/en\/\",\"name\":\"BRAC-HOME.com\",\"description\":\"Accommodation in Croatia, island Brac\",\"publisher\":{\"@id\":\"https:\/\/brac-home.com\/en\/#organization\"},\"potentialAction\":[{\"@type\":\"SearchAction\",\"target\":{\"@type\":\"EntryPoint\",\"urlTemplate\":\"https:\/\/brac-home.com\/en\/?s={search_term_string}\"},\"query-input\":\"required name=search_term_string\"}],\"inLanguage\":\"en-US\"},{\"@type\":\"Organization\",\"@id\":\"https:\/\/brac-home.com\/en\/#organization\",\"name\":\"BRAC-HOME.com\",\"url\":\"https:\/\/brac-home.com\/en\/\",\"logo\":{\"@type\":\"ImageObject\",\"inLanguage\":\"en-US\",\"@id\":\"https:\/\/brac-home.com\/en\/#\/schema\/logo\/image\/\",\"url\":\"https:\/\/brac-home.com\/wp-content\/uploads\/2022\/02\/Brac-Home_FINAL-2.png\",\"contentUrl\":\"https:\/\/brac-home.com\/wp-content\/uploads\/2022\/02\/Brac-Home_FINAL-2.png\",\"width\":405,\"height\":293,\"caption\":\"BRAC-HOME.com\"},\"image\":{\"@id\":\"https:\/\/brac-home.com\/en\/#\/schema\/logo\/image\/\"},\"sameAs\":[\"https:\/\/www.instagram.com\/brac_home\/\",\"https:\/\/www.youtube.com\/channel\/UCwhl2AVDxYKgUtssqaxfH6A\",\"https:\/\/www.facebook.com\/Magical-Island-Home-105588281777189\/?ref=py_c\"]}]}<\/script>\n<!-- \/ Yoast SEO plugin. -->","yoast_head_json":{"title":"Book now | BRAC-HOME.com","robots":{"index":"index","follow":"follow","max-snippet":"max-snippet:-1","max-image-preview":"max-image-preview:large","max-video-preview":"max-video-preview:-1"},"canonical":"https:\/\/brac-home.com\/en\/book-now\/","og_locale":"en_US","og_type":"article","og_title":"Book now | BRAC-HOME.com","og_description":"Choose from our offer of rooms for rent and experience an amazing vacation on the island of Brac in Croatia. can i help you? Accommodation offer on Bra\u010d Pon\u00fakame V\u00e1m na pren\u00e1jom nasledovn\u00e9 apartm\u00e1ny.We offer for rent the following apartments. View All Island Getaway &#8211; Heritage House Absolute privacy between the resorts of Mirca and &hellip; Book now Read More &raquo;","og_url":"https:\/\/brac-home.com\/en\/book-now\/","og_site_name":"BRAC-HOME.com","article_publisher":"https:\/\/www.facebook.com\/Magical-Island-Home-105588281777189\/?ref=py_c","article_modified_time":"2022-07-26T16:24:07+00:00","og_image":[{"url":"https:\/\/brac-home.com\/wp-content\/uploads\/2021\/07\/Heritage-home.jpg"}],"twitter_card":"summary_large_image","twitter_misc":{"Est. reading time":"1 minute"},"schema":{"@context":"https:\/\/schema.org","@graph":[{"@type":"WebPage","@id":"https:\/\/brac-home.com\/en\/book-now\/","url":"https:\/\/brac-home.com\/en\/book-now\/","name":"Book now | BRAC-HOME.com","isPartOf":{"@id":"https:\/\/brac-home.com\/en\/#website"},"datePublished":"2021-10-20T06:51:22+00:00","dateModified":"2022-07-26T16:24:07+00:00","breadcrumb":{"@id":"https:\/\/brac-home.com\/en\/book-now\/#breadcrumb"},"inLanguage":"en-US","potentialAction":[{"@type":"ReadAction","target":["https:\/\/brac-home.com\/en\/book-now\/"]}]},{"@type":"BreadcrumbList","@id":"https:\/\/brac-home.com\/en\/book-now\/#breadcrumb","itemListElement":[{"@type":"ListItem","position":1,"name":"Domovsk\u00e1 str\u00e1nka","item":"https:\/\/brac-home.com\/en\/"},{"@type":"ListItem","position":2,"name":"Book now"}]},{"@type":"WebSite","@id":"https:\/\/brac-home.com\/en\/#website","url":"https:\/\/brac-home.com\/en\/","name":"BRAC-HOME.com","description":"Accommodation in Croatia, island Brac","publisher":{"@id":"https:\/\/brac-home.com\/en\/#organization"},"potentialAction":[{"@type":"SearchAction","target":{"@type":"EntryPoint","urlTemplate":"https:\/\/brac-home.com\/en\/?s={search_term_string}"},"query-input":"required name=search_term_string"}],"inLanguage":"en-US"},{"@type":"Organization","@id":"https:\/\/brac-home.com\/en\/#organization","name":"BRAC-HOME.com","url":"https:\/\/brac-home.com\/en\/","logo":{"@type":"ImageObject","inLanguage":"en-US","@id":"https:\/\/brac-home.com\/en\/#\/schema\/logo\/image\/","url":"https:\/\/brac-home.com\/wp-content\/uploads\/2022\/02\/Brac-Home_FINAL-2.png","contentUrl":"https:\/\/brac-home.com\/wp-content\/uploads\/2022\/02\/Brac-Home_FINAL-2.png","width":405,"height":293,"caption":"BRAC-HOME.com"},"image":{"@id":"https:\/\/brac-home.com\/en\/#\/schema\/logo\/image\/"},"sameAs":["https:\/\/www.instagram.com\/brac_home\/","https:\/\/www.youtube.com\/channel\/UCwhl2AVDxYKgUtssqaxfH6A","https:\/\/www.facebook.com\/Magical-Island-Home-105588281777189\/?ref=py_c"]}]}},"_links":{"self":[{"href":"https:\/\/brac-home.com\/en\/wp-json\/wp\/v2\/pages\/2985"}],"collection":[{"href":"https:\/\/brac-home.com\/en\/wp-json\/wp\/v2\/pages"}],"about":[{"href":"https:\/\/brac-home.com\/en\/wp-json\/wp\/v2\/types\/page"}],"author":[{"embeddable":true,"href":"https:\/\/brac-home.com\/en\/wp-json\/wp\/v2\/users\/1"}],"replies":[{"embeddable":true,"href":"https:\/\/brac-home.com\/en\/wp-json\/wp\/v2\/comments?post=2985"}],"version-history":[{"count":23,"href":"https:\/\/brac-home.com\/en\/wp-json\/wp\/v2\/pages\/2985\/revisions"}],"predecessor-version":[{"id":12574,"href":"https:\/\/brac-home.com\/en\/wp-json\/wp\/v2\/pages\/2985\/revisions\/12574"}],"wp:attachment":[{"href":"https:\/\/brac-home.com\/en\/wp-json\/wp\/v2\/media?parent=2985"}],"curies":[{"name":"wp","href":"https:\/\/api.w.org\/{rel}","templated":true}]}}