{"id":2492,"date":"2021-09-03T17:14:29","date_gmt":"2021-09-03T15:14:29","guid":{"rendered":"https:\/\/brac-home.com\/?page_id=2492"},"modified":"2021-09-04T13:06:24","modified_gmt":"2021-09-04T11:06:24","slug":"politika-suborov-cookies","status":"publish","type":"page","link":"https:\/\/brac-home.com\/sk\/politika-suborov-cookies\/","title":{"rendered":"Politika s\u00faborov cookies"},"content":{"rendered":"\t\t<div data-elementor-type=\"wp-page\" data-elementor-id=\"2492\" class=\"elementor elementor-2492\">\n\t\t\t\t\t\t\t\t\t<section class=\"elementor-section elementor-top-section elementor-element elementor-element-d92fcae elementor-section-boxed elementor-section-height-default elementor-section-height-default\" data-id=\"d92fcae\" data-element_type=\"section\" data-settings=\"{&quot;background_background&quot;:&quot;classic&quot;}\">\n\t\t\t\t\t\t\t<div class=\"elementor-background-overlay\"><\/div>\n\t\t\t\t\t\t\t<div class=\"elementor-container elementor-column-gap-default\">\n\t\t\t\t\t<div class=\"elementor-column elementor-col-100 elementor-top-column elementor-element elementor-element-ae7a650\" data-id=\"ae7a650\" data-element_type=\"column\">\n\t\t\t<div class=\"elementor-widget-wrap elementor-element-populated\">\n\t\t\t\t\t\t\t\t<div class=\"elementor-element elementor-element-99c185d elementor-widget elementor-widget-heading\" data-id=\"99c185d\" data-element_type=\"widget\" data-widget_type=\"heading.default\">\n\t\t\t\t<div class=\"elementor-widget-container\">\n\t\t\t<h1 class=\"elementor-heading-title elementor-size-default\">Politika s\u00faborov cookies<\/h1>\t\t<\/div>\n\t\t\t\t<\/div>\n\t\t\t\t<div class=\"elementor-element elementor-element-ad78ff3 elementor-widget elementor-widget-text-editor\" data-id=\"ad78ff3\" data-element_type=\"widget\" data-widget_type=\"text-editor.default\">\n\t\t\t\t<div class=\"elementor-widget-container\">\n\t\t\t\t\t\t\t\t\t\t\t\t\t<\/div>\n\t\t\t\t<\/div>\n\t\t\t\t\t<\/div>\n\t\t<\/div>\n\t\t\t\t\t\t\t<\/div>\n\t\t<\/section>\n\t\t\t\t<section class=\"elementor-section elementor-top-section elementor-element elementor-element-dbd30d8 elementor-section-boxed elementor-section-height-default elementor-section-height-default\" data-id=\"dbd30d8\" data-element_type=\"section\" data-settings=\"{&quot;background_background&quot;:&quot;classic&quot;}\">\n\t\t\t\t\t\t<div class=\"elementor-container elementor-column-gap-default\">\n\t\t\t\t\t<div class=\"elementor-column elementor-col-100 elementor-top-column elementor-element elementor-element-383844a\" data-id=\"383844a\" data-element_type=\"column\">\n\t\t\t<div class=\"elementor-widget-wrap elementor-element-populated\">\n\t\t\t\t\t\t\t\t<div class=\"elementor-element elementor-element-a0c8dba elementor-widget elementor-widget-text-editor\" data-id=\"a0c8dba\" data-element_type=\"widget\" data-widget_type=\"text-editor.default\">\n\t\t\t\t<div class=\"elementor-widget-container\">\n\t\t\t\t\t\t\t<h2>\u010co s\u00fa s\u00fabory cookies?<\/h2>\n<p>Cookies s\u00fa mal\u00e9 textov\u00e9 s\u00fabory vytv\u00e1ran\u00e9 webov\u00fdm serverom a ukladan\u00e9 vo Va\u0161om po\u010d\u00edta\u010di alebo mobilnom zariaden\u00ed pri prehliadan\u00ed webu. V\u010faka t\u00fdmto s\u00faborom si webov\u00fd server zapam\u00e4t\u00e1 na ur\u010dit\u00fd \u010das V\u00e1\u0161 pohyb a preferencie na webovej str\u00e1nke (napr. zvolen\u00fd jazyk, ve\u013ekos\u0165 p\u00edsma a pod.) a pri \u010fal\u0161ej n\u00e1v\u0161teve webovej str\u00e1nky ich u\u017e nemus\u00edte znovu zad\u00e1va\u0165. S\u00fabory Cookies vyu\u017e\u00edvaj\u00fa pre svoju \u010dinnos\u0165 v\u00e4\u010d\u0161ina webov\u00fdch str\u00e1nok a e-shopov.<\/p>\n<h2>Rozdelenie s\u00faborov cookies<\/h2>\n<p>S\u00fabory cookies sa daj\u00fa rozdeli\u0165 pod\u013ea trvanlivosti na:<\/p>\n<ul>\n \t<li>Kr\u00e1tkodob\u00e9 (session cookie) \u2013 po zavret\u00ed prehliada\u010da sa vyma\u017e\u00fa z V\u00e1\u0161ho po\u010d\u00edta\u010da<\/li>\n \t<li>Dlhodob\u00e9 (persisten cookie) \u2013 po zavret\u00ed prehliada\u010da zost\u00e1vaj\u00fa ulo\u017een\u00e9 vo Va\u0161om po\u010d\u00edta\u010di a vyma\u017e\u00fa sa po uplynut\u00ed ve\u013emi dlhej doby. (Pod\u013ea nastavenia V\u00e1\u0161ho prehliada\u010da). Zmaza\u0165 ich m\u00f4\u017eete aj ru\u010dne.<\/li>\n<\/ul>\n<p>Pod\u013ea \u00fa\u010delu ich vieme rozdeli\u0165 na:<\/p>\n<ul>\n \t<li>Technick\u00e9 \u2013 sl\u00fa\u017eia k z\u00e1kladn\u00fdm funkci\u00e1m webu alebo str\u00e1nky (prehr\u00e1vanie videa, zdie\u013eanie obsahu, prihlasovanie)<\/li>\n \t<li>Analytick\u00e9 \u2013 sl\u00fa\u017eia na zbieranie neanonymn\u00fdch d\u00e1t o Va\u0161om chovan\u00ed. Na ich z\u00e1klade m\u00f4\u017eeme upravova\u0165 web tak, aby bol viac pou\u017e\u00edvate\u013esky pr\u00edjemnej\u0161\u00ed.<\/li>\n \t<li>Remarketingov\u00e9 \u2013 sl\u00fa\u017eia k cielen\u00e9mu zobrazovaniu rekl\u00e1m na pou\u017e\u00edvate\u013ea<\/li>\n<\/ul>\n<h2>Ako pou\u017e\u00edvame s\u00fabory cookies ?<\/h2>\n<p>Tieto webov\u00e9 str\u00e1nky pou\u017e\u00edvaj\u00fa s\u00fabory cookies na:<\/p>\n<ul>\n \t<li>Pre nevyhnutn\u00fa funkcionalitu webu<\/li>\n \t<li>Zapam\u00e4tanie si pou\u017e\u00edvate\u013esk\u00fdch nastaven\u00ed<\/li>\n \t<li>Zhroma\u017e\u010fovanie anonymn\u00fdch \u0161tatistick\u00fdch inform\u00e1ci\u00ed o n\u00e1v\u0161tevn\u00edkoch<\/li>\n \t<li>Pre lep\u0161ie prisp\u00f4sobenie rekl\u00e1m a zdie\u013eanie obsahu na soci\u00e1lnych sie\u0165ach<\/li>\n<\/ul>\n<h2>Ak\u00e9 s\u00fabory cookies pou\u017e\u00edvame ?<\/h2>\n<h3>Google Analytics<\/h3>\n<p>Slu\u017eba Google Analytics je poskytovan\u00e1 spolo\u010dnos\u0165ou Google, Inc. Sl\u00fa\u017ei na z\u00edskavanie a zhroma\u017e\u010fovanie anonymizovan\u00fdch \u0161tatistick\u00fdch \u00fadajov o pou\u017e\u00edvan\u00ed webovej str\u00e1nky pou\u017e\u00edvate\u013emi. Cie\u013eom pou\u017eitia slu\u017eby je bli\u017e\u0161ie pochopenie potrieb na\u0161ich n\u00e1v\u0161tevn\u00edkov a uisti\u0165 sa o ich spokojnosti. Google Analytics uklad\u00e1 inform\u00e1cie o tom ak\u00e9 str\u00e1nky nav\u0161tevujete, ako dlho sa na nich zdr\u017e\u00edte, odkia\u013e ste na str\u00e1nky pri\u0161li a na ak\u00e9 odkazy klik\u00e1te. V\u0161etky inform\u00e1cie spolu so s\u00fabormi cookies s\u00fa spolo\u010dnos\u0165ou Google, Inc. prenesen\u00e9 a ulo\u017een\u00e9 na serveroch v Spojen\u00fdch \u0161t\u00e1toch americk\u00fdch. Tieto d\u00e1ta neobsahuj\u00fa \u017eiadne d\u00f4vern\u00e9 \u00fadaje, na z\u00e1klade ktor\u00fdch, by sme boli schopn\u00ed identifikova\u0165 konkr\u00e9tneho n\u00e1v\u0161tevn\u00edka. D\u013a\u017eka uchov\u00e1vania t\u00fdchto inform\u00e1ci\u00ed je nastaven\u00e1 na neur\u010dito. Spolo\u010dnos\u0165 Google, Inc. m\u00f4\u017ee tieto \u00fadaje poskytn\u00fa\u0165 tret\u00edm stran\u00e1m, pokia\u013e to bude vy\u017eadova\u0165 z\u00e1kon.<\/p>\n\n<p>Pre viac inform\u00e1ci\u00ed o ochrane s\u00fakromia kliknite sem: <a href=\"https:\/\/support.google.com\/analytics\/topic\/2919631?hl=sk&#038;ref_topic=1008008\">https:\/\/support.google.com\/analytics\/topic\/2919631?hl=sk&#038;ref_topic=1008008<\/a><\/p>\n\n<p>Pre nain\u0161talovanie softv\u00e9rov\u00e9ho doplnku na odmietnutie s\u00faborov cookies Google Analytics kliknite sem: <a href=\"https:\/\/tools.google.com\/dlpage\/gaoptout\">https:\/\/tools.google.com\/dlpage\/gaoptou<\/a><\/p>\n<h3>Facebook<\/h3>\n<p>Spolo\u010dnos\u0165 Facebook, Inc. vyu\u017e\u00edva s\u00fabory cookies na obsluhu like a share tla\u010didiel, tak aby mohol n\u00e1v\u0161tevn\u00edk webovej str\u00e1nky r\u00fdchlej\u0161ie a pohodlnej\u0161ie zdie\u013ea\u0165 inform\u00e1cie zobrazen\u00e9 na Va\u0161ej webovej str\u00e1nke. (napr. \u010dl\u00e1nky, produkty, portf\u00f3lio a pod.) Pre viac inform\u00e1ci\u00ed o s\u00faboroch cookies vyu\u017e\u00edvan\u00e9 spolo\u010dnos\u0165ou Facebook, Inc. kliknite sem: <a href=\"https:\/\/sk-sk.facebook.com\/policies\/cookies\/\">https:\/\/sk-sk.facebook.com\/policies\/cookies\/<\/a><\/p>\n<h2>Nastavenie prehliada\u010da<\/h2>\n\n<p>V\u00e4\u010d\u0161ina webov\u00fdch prehliada\u010dov m\u00f4\u017ee by\u0165 nastaven\u00e1 tak, aby blokovala s\u00fabory cookies. A to aj napriek tomu, \u017ee niektor\u00e9 prvky na webovej str\u00e1nke nemusia pracova\u0165 spr\u00e1vne. Nastavenie s\u00faborov cookies sa obvykle nach\u00e1dza v z\u00e1lo\u017eke \u201eMo\u017enosti\u201c alebo \u201eNastavenia\u201c.<\/p>\n\n<p>Nastavenia s\u00faborov cookies pre konkr\u00e9tne prehliada\u010de:<\/p>\n<ul>\n \t<li>Internet Explorer &#8211; <a href=\"https:\/\/support.microsoft.com\/sk-sk\/help\/17442\/windows-internet-explorer-delete-manage-cookies\">https:\/\/support.microsoft.com\/sk-sk\/help\/17442\/windows-internet-explorer-delete-manage-cookies<\/a><\/li>\n \t<li>Mozilla Firefox &#8211; <a href=\"https:\/\/support.mozilla.org\/sk\/kb\/Spr%C3%A1va%20cookies\">https:\/\/support.mozilla.org\/sk\/kb\/Spr%C3%A1va%20cookies<\/a><\/li>\n \t<li>Google Chrome &#8211; <a href=\"https:\/\/support.google.com\/chrome\/answer\/95647?hl=sk\">https:\/\/support.google.com\/chrome\/answer\/95647?hl=sk<\/a><\/li>\n \t<li>Safari &#8211; <a href=\"https:\/\/support.apple.com\/kb\/ph21411?locale=sk_SK\">https:\/\/support.apple.com\/kb\/ph21411?locale=sk_SK<\/a><\/li>\n<\/ul>\n<p>Pre \u010fal\u0161ie inform\u00e1cie o s\u00faboroch cookies a ich vyu\u017eit\u00ed n\u00e1jdete na str\u00e1nkach <a href=\"https:\/\/www.aboutcookies.org\/\">https:\/\/aboutcookies.org\/<\/a><\/p>\t\t\t\t\t\t<\/div>\n\t\t\t\t<\/div>\n\t\t\t\t\t<\/div>\n\t\t<\/div>\n\t\t\t\t\t\t\t<\/div>\n\t\t<\/section>\n\t\t\t\t\t\t\t<\/div>\n\t\t","protected":false},"excerpt":{"rendered":"<p>Politika s\u00faborov cookies \u010co s\u00fa s\u00fabory cookies? Cookies s\u00fa mal\u00e9 textov\u00e9 s\u00fabory vytv\u00e1ran\u00e9 webov\u00fdm serverom a ukladan\u00e9 vo Va\u0161om po\u010d\u00edta\u010di alebo mobilnom zariaden\u00ed pri prehliadan\u00ed webu. V\u010faka t\u00fdmto s\u00faborom si webov\u00fd server zapam\u00e4t\u00e1 na ur\u010dit\u00fd \u010das V\u00e1\u0161 pohyb a preferencie na webovej str\u00e1nke (napr. zvolen\u00fd jazyk, ve\u013ekos\u0165 p\u00edsma a pod.) a pri \u010fal\u0161ej n\u00e1v\u0161teve webovej &hellip;<\/p>\n<p class=\"read-more\"> <a class=\"\" href=\"https:\/\/brac-home.com\/sk\/politika-suborov-cookies\/\"> <span class=\"screen-reader-text\">Politika s\u00faborov cookies<\/span> \u010c\u00edtajte viac &raquo;<\/a><\/p>\n","protected":false},"author":1,"featured_media":0,"parent":0,"menu_order":0,"comment_status":"closed","ping_status":"closed","template":"","meta":[],"yoast_head":"<!-- This site is optimized with the Yoast SEO plugin v19.10 - https:\/\/yoast.com\/wordpress\/plugins\/seo\/ -->\n<title>Politika s\u00faborov cookies | BRAC-HOME.com<\/title>\n<meta name=\"description\" content=\"Cookies s\u00fa mal\u00e9 textov\u00e9 s\u00fabory vytv\u00e1ran\u00e9 webov\u00fdm serverom a ukladan\u00e9 vo Va\u0161om po\u010d\u00edta\u010di alebo mobilnom zariaden\u00ed pri prehliadan\u00ed webu.\" \/>\n<meta name=\"robots\" content=\"index, follow, max-snippet:-1, max-image-preview:large, max-video-preview:-1\" \/>\n<link rel=\"canonical\" href=\"https:\/\/brac-home.com\/sk\/politika-suborov-cookies\/\" \/>\n<meta property=\"og:locale\" content=\"sk_SK\" \/>\n<meta property=\"og:type\" content=\"article\" \/>\n<meta property=\"og:title\" content=\"Politika s\u00faborov cookies | BRAC-HOME.com\" \/>\n<meta property=\"og:description\" content=\"Cookies s\u00fa mal\u00e9 textov\u00e9 s\u00fabory vytv\u00e1ran\u00e9 webov\u00fdm serverom a ukladan\u00e9 vo Va\u0161om po\u010d\u00edta\u010di alebo mobilnom zariaden\u00ed pri prehliadan\u00ed webu.\" \/>\n<meta property=\"og:url\" content=\"https:\/\/brac-home.com\/sk\/politika-suborov-cookies\/\" \/>\n<meta property=\"og:site_name\" content=\"BRAC-HOME.com\" \/>\n<meta property=\"article:publisher\" content=\"https:\/\/www.facebook.com\/Magical-Island-Home-105588281777189\/?ref=py_c\" \/>\n<meta property=\"article:modified_time\" content=\"2021-09-04T11:06:24+00:00\" \/>\n<meta name=\"twitter:card\" content=\"summary_large_image\" \/>\n<meta name=\"twitter:label1\" content=\"Predpokladan\u00fd \u010das \u010d\u00edtania\" \/>\n\t<meta name=\"twitter:data1\" content=\"3 min\u00faty\" \/>\n<script type=\"application\/ld+json\" class=\"yoast-schema-graph\">{\"@context\":\"https:\/\/schema.org\",\"@graph\":[{\"@type\":\"WebPage\",\"@id\":\"https:\/\/brac-home.com\/sk\/politika-suborov-cookies\/\",\"url\":\"https:\/\/brac-home.com\/sk\/politika-suborov-cookies\/\",\"name\":\"Politika s\u00faborov cookies | BRAC-HOME.com\",\"isPartOf\":{\"@id\":\"https:\/\/brac-home.com\/sk\/#website\"},\"datePublished\":\"2021-09-03T15:14:29+00:00\",\"dateModified\":\"2021-09-04T11:06:24+00:00\",\"description\":\"Cookies s\u00fa mal\u00e9 textov\u00e9 s\u00fabory vytv\u00e1ran\u00e9 webov\u00fdm serverom a ukladan\u00e9 vo Va\u0161om po\u010d\u00edta\u010di alebo mobilnom zariaden\u00ed pri prehliadan\u00ed webu.\",\"breadcrumb\":{\"@id\":\"https:\/\/brac-home.com\/sk\/politika-suborov-cookies\/#breadcrumb\"},\"inLanguage\":\"sk-SK\",\"potentialAction\":[{\"@type\":\"ReadAction\",\"target\":[\"https:\/\/brac-home.com\/sk\/politika-suborov-cookies\/\"]}]},{\"@type\":\"BreadcrumbList\",\"@id\":\"https:\/\/brac-home.com\/sk\/politika-suborov-cookies\/#breadcrumb\",\"itemListElement\":[{\"@type\":\"ListItem\",\"position\":1,\"name\":\"Domovsk\u00e1 str\u00e1nka\",\"item\":\"https:\/\/brac-home.com\/sk\/\"},{\"@type\":\"ListItem\",\"position\":2,\"name\":\"Politika s\u00faborov cookies\"}]},{\"@type\":\"WebSite\",\"@id\":\"https:\/\/brac-home.com\/sk\/#website\",\"url\":\"https:\/\/brac-home.com\/sk\/\",\"name\":\"BRAC-HOME.com\",\"description\":\"Ubytovanie v Chorv\u00e1tsku, ostrov Bra\u010d\",\"publisher\":{\"@id\":\"https:\/\/brac-home.com\/sk\/#organization\"},\"potentialAction\":[{\"@type\":\"SearchAction\",\"target\":{\"@type\":\"EntryPoint\",\"urlTemplate\":\"https:\/\/brac-home.com\/sk\/?s={search_term_string}\"},\"query-input\":\"required name=search_term_string\"}],\"inLanguage\":\"sk-SK\"},{\"@type\":\"Organization\",\"@id\":\"https:\/\/brac-home.com\/sk\/#organization\",\"name\":\"BRAC-HOME.com\",\"url\":\"https:\/\/brac-home.com\/sk\/\",\"logo\":{\"@type\":\"ImageObject\",\"inLanguage\":\"sk-SK\",\"@id\":\"https:\/\/brac-home.com\/sk\/#\/schema\/logo\/image\/\",\"url\":\"https:\/\/brac-home.com\/wp-content\/uploads\/2022\/02\/Brac-Home_FINAL-2.png\",\"contentUrl\":\"https:\/\/brac-home.com\/wp-content\/uploads\/2022\/02\/Brac-Home_FINAL-2.png\",\"width\":405,\"height\":293,\"caption\":\"BRAC-HOME.com\"},\"image\":{\"@id\":\"https:\/\/brac-home.com\/sk\/#\/schema\/logo\/image\/\"},\"sameAs\":[\"https:\/\/www.instagram.com\/brac_home\/\",\"https:\/\/www.youtube.com\/channel\/UCwhl2AVDxYKgUtssqaxfH6A\",\"https:\/\/www.facebook.com\/Magical-Island-Home-105588281777189\/?ref=py_c\"]}]}<\/script>\n<!-- \/ Yoast SEO plugin. -->","yoast_head_json":{"title":"Politika s\u00faborov cookies | BRAC-HOME.com","description":"Cookies s\u00fa mal\u00e9 textov\u00e9 s\u00fabory vytv\u00e1ran\u00e9 webov\u00fdm serverom a ukladan\u00e9 vo Va\u0161om po\u010d\u00edta\u010di alebo mobilnom zariaden\u00ed pri prehliadan\u00ed webu.","robots":{"index":"index","follow":"follow","max-snippet":"max-snippet:-1","max-image-preview":"max-image-preview:large","max-video-preview":"max-video-preview:-1"},"canonical":"https:\/\/brac-home.com\/sk\/politika-suborov-cookies\/","og_locale":"sk_SK","og_type":"article","og_title":"Politika s\u00faborov cookies | BRAC-HOME.com","og_description":"Cookies s\u00fa mal\u00e9 textov\u00e9 s\u00fabory vytv\u00e1ran\u00e9 webov\u00fdm serverom a ukladan\u00e9 vo Va\u0161om po\u010d\u00edta\u010di alebo mobilnom zariaden\u00ed pri prehliadan\u00ed webu.","og_url":"https:\/\/brac-home.com\/sk\/politika-suborov-cookies\/","og_site_name":"BRAC-HOME.com","article_publisher":"https:\/\/www.facebook.com\/Magical-Island-Home-105588281777189\/?ref=py_c","article_modified_time":"2021-09-04T11:06:24+00:00","twitter_card":"summary_large_image","twitter_misc":{"Predpokladan\u00fd \u010das \u010d\u00edtania":"3 min\u00faty"},"schema":{"@context":"https:\/\/schema.org","@graph":[{"@type":"WebPage","@id":"https:\/\/brac-home.com\/sk\/politika-suborov-cookies\/","url":"https:\/\/brac-home.com\/sk\/politika-suborov-cookies\/","name":"Politika s\u00faborov cookies | BRAC-HOME.com","isPartOf":{"@id":"https:\/\/brac-home.com\/sk\/#website"},"datePublished":"2021-09-03T15:14:29+00:00","dateModified":"2021-09-04T11:06:24+00:00","description":"Cookies s\u00fa mal\u00e9 textov\u00e9 s\u00fabory vytv\u00e1ran\u00e9 webov\u00fdm serverom a ukladan\u00e9 vo Va\u0161om po\u010d\u00edta\u010di alebo mobilnom zariaden\u00ed pri prehliadan\u00ed webu.","breadcrumb":{"@id":"https:\/\/brac-home.com\/sk\/politika-suborov-cookies\/#breadcrumb"},"inLanguage":"sk-SK","potentialAction":[{"@type":"ReadAction","target":["https:\/\/brac-home.com\/sk\/politika-suborov-cookies\/"]}]},{"@type":"BreadcrumbList","@id":"https:\/\/brac-home.com\/sk\/politika-suborov-cookies\/#breadcrumb","itemListElement":[{"@type":"ListItem","position":1,"name":"Domovsk\u00e1 str\u00e1nka","item":"https:\/\/brac-home.com\/sk\/"},{"@type":"ListItem","position":2,"name":"Politika s\u00faborov cookies"}]},{"@type":"WebSite","@id":"https:\/\/brac-home.com\/sk\/#website","url":"https:\/\/brac-home.com\/sk\/","name":"BRAC-HOME.com","description":"Ubytovanie v Chorv\u00e1tsku, ostrov Bra\u010d","publisher":{"@id":"https:\/\/brac-home.com\/sk\/#organization"},"potentialAction":[{"@type":"SearchAction","target":{"@type":"EntryPoint","urlTemplate":"https:\/\/brac-home.com\/sk\/?s={search_term_string}"},"query-input":"required name=search_term_string"}],"inLanguage":"sk-SK"},{"@type":"Organization","@id":"https:\/\/brac-home.com\/sk\/#organization","name":"BRAC-HOME.com","url":"https:\/\/brac-home.com\/sk\/","logo":{"@type":"ImageObject","inLanguage":"sk-SK","@id":"https:\/\/brac-home.com\/sk\/#\/schema\/logo\/image\/","url":"https:\/\/brac-home.com\/wp-content\/uploads\/2022\/02\/Brac-Home_FINAL-2.png","contentUrl":"https:\/\/brac-home.com\/wp-content\/uploads\/2022\/02\/Brac-Home_FINAL-2.png","width":405,"height":293,"caption":"BRAC-HOME.com"},"image":{"@id":"https:\/\/brac-home.com\/sk\/#\/schema\/logo\/image\/"},"sameAs":["https:\/\/www.instagram.com\/brac_home\/","https:\/\/www.youtube.com\/channel\/UCwhl2AVDxYKgUtssqaxfH6A","https:\/\/www.facebook.com\/Magical-Island-Home-105588281777189\/?ref=py_c"]}]}},"_links":{"self":[{"href":"https:\/\/brac-home.com\/sk\/wp-json\/wp\/v2\/pages\/2492"}],"collection":[{"href":"https:\/\/brac-home.com\/sk\/wp-json\/wp\/v2\/pages"}],"about":[{"href":"https:\/\/brac-home.com\/sk\/wp-json\/wp\/v2\/types\/page"}],"author":[{"embeddable":true,"href":"https:\/\/brac-home.com\/sk\/wp-json\/wp\/v2\/users\/1"}],"replies":[{"embeddable":true,"href":"https:\/\/brac-home.com\/sk\/wp-json\/wp\/v2\/comments?post=2492"}],"version-history":[{"count":6,"href":"https:\/\/brac-home.com\/sk\/wp-json\/wp\/v2\/pages\/2492\/revisions"}],"predecessor-version":[{"id":11941,"href":"https:\/\/brac-home.com\/sk\/wp-json\/wp\/v2\/pages\/2492\/revisions\/11941"}],"wp:attachment":[{"href":"https:\/\/brac-home.com\/sk\/wp-json\/wp\/v2\/media?parent=2492"}],"curies":[{"name":"wp","href":"https:\/\/api.w.org\/{rel}","templated":true}]}}