{"id":2983,"date":"2021-10-20T08:57:47","date_gmt":"2021-10-20T06:57:47","guid":{"rendered":"https:\/\/brac-home.com\/?page_id=2983"},"modified":"2022-03-19T13:33:43","modified_gmt":"2022-03-19T12:33:43","slug":"book-now","status":"publish","type":"page","link":"https:\/\/brac-home.com\/sk\/book-now\/","title":{"rendered":"Book now"},"content":{"rendered":"\t\t<div data-elementor-type=\"wp-page\" data-elementor-id=\"2983\" class=\"elementor elementor-2983\">\n\t\t\t\t\t\t\t\t\t<section class=\"elementor-section elementor-top-section elementor-element elementor-element-a7b4bb6 elementor-section-boxed elementor-section-height-default elementor-section-height-default\" data-id=\"a7b4bb6\" data-element_type=\"section\" data-settings=\"{&quot;background_background&quot;:&quot;classic&quot;}\">\n\t\t\t\t\t\t\t<div class=\"elementor-background-overlay\"><\/div>\n\t\t\t\t\t\t\t<div class=\"elementor-container elementor-column-gap-default\">\n\t\t\t\t\t<div class=\"elementor-column elementor-col-100 elementor-top-column elementor-element elementor-element-11815e6\" data-id=\"11815e6\" data-element_type=\"column\">\n\t\t\t<div class=\"elementor-widget-wrap elementor-element-populated\">\n\t\t\t\t\t\t\t\t<div class=\"elementor-element elementor-element-f21c3e8 elementor-widget elementor-widget-heading\" data-id=\"f21c3e8\" data-element_type=\"widget\" data-widget_type=\"heading.default\">\n\t\t\t\t<div class=\"elementor-widget-container\">\n\t\t\t<h1 class=\"elementor-heading-title elementor-size-default\">Apartm\u00e1ny na pren\u00e1jom<\/h1>\t\t<\/div>\n\t\t\t\t<\/div>\n\t\t\t\t<div class=\"elementor-element elementor-element-8a7d18d elementor-widget elementor-widget-text-editor\" data-id=\"8a7d18d\" data-element_type=\"widget\" data-widget_type=\"text-editor.default\">\n\t\t\t\t<div class=\"elementor-widget-container\">\n\t\t\t\t\t\t\t<p>Vyberte si z na\u0161ej ponuky apartm\u00e1nov na pren\u00e1jom a za\u017eite \u00fa\u017easn\u00fa dovolenku na ostrove Bra\u010d v Chorv\u00e1tsku.<\/p>\t\t\t\t\t\t<\/div>\n\t\t\t\t<\/div>\n\t\t\t\t\t<\/div>\n\t\t<\/div>\n\t\t\t\t\t\t\t<\/div>\n\t\t<\/section>\n\t\t\t\t<section class=\"elementor-section elementor-top-section elementor-element elementor-element-b30a66c elementor-section-boxed elementor-section-height-default elementor-section-height-default\" data-id=\"b30a66c\" data-element_type=\"section\" data-settings=\"{&quot;background_background&quot;:&quot;gradient&quot;}\">\n\t\t\t\t\t\t<div class=\"elementor-container elementor-column-gap-no\">\n\t\t\t\t\t<div class=\"elementor-column elementor-col-100 elementor-top-column elementor-element elementor-element-99fd74a\" data-id=\"99fd74a\" data-element_type=\"column\">\n\t\t\t<div class=\"elementor-widget-wrap elementor-element-populated\">\n\t\t\t\t\t\t\t\t<div class=\"elementor-element elementor-element-c2de4c6 elementor-widget elementor-widget-button\" data-id=\"c2de4c6\" data-element_type=\"widget\" data-widget_type=\"button.default\">\n\t\t\t\t<div class=\"elementor-widget-container\">\n\t\t\t\t\t<div class=\"elementor-button-wrapper\">\n\t\t\t<a href=\"mailto:info@brac-home.com\" class=\"elementor-button-link elementor-button elementor-size-sm\" role=\"button\">\n\t\t\t\t\t\t<span class=\"elementor-button-content-wrapper\">\n\t\t\t\t\t\t\t<span class=\"elementor-button-icon elementor-align-icon-left\">\n\t\t\t\t<i aria-hidden=\"true\" class=\"far fa-thumbs-up\"><\/i>\t\t\t<\/span>\n\t\t\t\t\t\t<span class=\"elementor-button-text\">Pom\u00f4\u017eem V\u00e1m?<\/span>\n\t\t<\/span>\n\t\t\t\t\t<\/a>\n\t\t<\/div>\n\t\t\t\t<\/div>\n\t\t\t\t<\/div>\n\t\t\t\t<div class=\"elementor-element elementor-element-4871de8 elementor-widget elementor-widget-text-editor\" data-id=\"4871de8\" data-element_type=\"widget\" data-widget_type=\"text-editor.default\">\n\t\t\t\t<div class=\"elementor-widget-container\">\n\t\t\t\t\t\t\t\r\n\t<script type=\"text\/javascript\" src=\"https:\/\/booking.previo.cz\/iframe\/\"><\/script>\r\n\t<iframe loading=\"lazy\" id=\"previo-booking-iframe\" src=\"https:\/\/booking.previo.cz\/?hotId=755911&amp;showRoomType=&amp;lang=sk\" name=\"previo-booking-iframe\" width=\"100%\" height=\"2000\" frameborder=\"0\" scrolling=\"no\"><\/iframe>\r\n\t\t\t\t\t\t\t<\/div>\n\t\t\t\t<\/div>\n\t\t\t\t<section class=\"elementor-section elementor-inner-section elementor-element elementor-element-66f2c64 elementor-section-boxed elementor-section-height-default elementor-section-height-default\" data-id=\"66f2c64\" data-element_type=\"section\">\n\t\t\t\t\t\t<div class=\"elementor-container elementor-column-gap-no\">\n\t\t\t\t\t<div class=\"elementor-column elementor-col-100 elementor-inner-column elementor-element elementor-element-000aa51\" data-id=\"000aa51\" data-element_type=\"column\">\n\t\t\t<div class=\"elementor-widget-wrap\">\n\t\t\t\t\t\t\t\t\t<\/div>\n\t\t<\/div>\n\t\t\t\t\t\t\t<\/div>\n\t\t<\/section>\n\t\t\t\t\t<\/div>\n\t\t<\/div>\n\t\t\t\t\t\t\t<\/div>\n\t\t<\/section>\n\t\t\t\t<section class=\"elementor-section elementor-top-section elementor-element elementor-element-d6995c8 elementor-hidden-desktop elementor-hidden-tablet elementor-hidden-phone elementor-section-boxed elementor-section-height-default elementor-section-height-default\" data-id=\"d6995c8\" data-element_type=\"section\" data-settings=\"{&quot;background_background&quot;:&quot;gradient&quot;}\">\n\t\t\t\t\t\t<div class=\"elementor-container elementor-column-gap-no\">\n\t\t\t\t\t<div class=\"elementor-column elementor-col-100 elementor-top-column elementor-element elementor-element-1372743\" data-id=\"1372743\" data-element_type=\"column\">\n\t\t\t<div class=\"elementor-widget-wrap elementor-element-populated\">\n\t\t\t\t\t\t\t\t<div class=\"elementor-element elementor-element-81a89c1 elementor-widget__width-initial elementor-widget-tablet__width-initial elementor-widget-mobile__width-inherit elementor-position-top elementor-vertical-align-top elementor-widget elementor-widget-image-box\" data-id=\"81a89c1\" data-element_type=\"widget\" data-widget_type=\"image-box.default\">\n\t\t\t\t<div class=\"elementor-widget-container\">\n\t\t\t<div class=\"elementor-image-box-wrapper\"><div class=\"elementor-image-box-content\"><h2 class=\"elementor-image-box-title\">Ponuka ubytovania na Bra\u010di<\/h2><p class=\"elementor-image-box-description\">Pon\u00fakame V\u00e1m na pren\u00e1jom nasledovn\u00e9 apartm\u00e1ny.<\/p><\/div><\/div>\t\t<\/div>\n\t\t\t\t<\/div>\n\t\t\t\t<div class=\"elementor-element elementor-element-54e7498 elementor-align-right elementor-widget__width-initial elementor-mobile-align-center elementor-widget-tablet__width-initial elementor-widget-mobile__width-inherit elementor-hidden-desktop elementor-hidden-tablet elementor-hidden-phone elementor-widget elementor-widget-button\" data-id=\"54e7498\" data-element_type=\"widget\" data-widget_type=\"button.default\">\n\t\t\t\t<div class=\"elementor-widget-container\">\n\t\t\t\t\t<div class=\"elementor-button-wrapper\">\n\t\t\t<a href=\"#\" class=\"elementor-button-link elementor-button elementor-size-sm\" role=\"button\">\n\t\t\t\t\t\t<span class=\"elementor-button-content-wrapper\">\n\t\t\t\t\t\t\t<span class=\"elementor-button-icon elementor-align-icon-left\">\n\t\t\t\t<i aria-hidden=\"true\" class=\"fas fa-angle-right\"><\/i>\t\t\t<\/span>\n\t\t\t\t\t\t<span class=\"elementor-button-text\">View All<\/span>\n\t\t<\/span>\n\t\t\t\t\t<\/a>\n\t\t<\/div>\n\t\t\t\t<\/div>\n\t\t\t\t<\/div>\n\t\t\t\t<section class=\"elementor-section elementor-inner-section elementor-element elementor-element-9e78a62 elementor-section-boxed elementor-section-height-default elementor-section-height-default\" data-id=\"9e78a62\" data-element_type=\"section\">\n\t\t\t\t\t\t<div class=\"elementor-container elementor-column-gap-no\">\n\t\t\t\t\t<div class=\"elementor-column elementor-col-50 elementor-inner-column elementor-element elementor-element-41e631d\" data-id=\"41e631d\" data-element_type=\"column\">\n\t\t\t<div class=\"elementor-widget-wrap elementor-element-populated\">\n\t\t\t\t\t\t\t\t<div class=\"elementor-element elementor-element-98dfbbd elementor-widget elementor-widget-image\" data-id=\"98dfbbd\" data-element_type=\"widget\" data-widget_type=\"image.default\">\n\t\t\t\t<div class=\"elementor-widget-container\">\n\t\t\t\t\t\t\t\t\t\t\t\t\t\t\t<img decoding=\"async\" width=\"2002\" height=\"2000\" src=\"https:\/\/brac-home.com\/wp-content\/uploads\/2021\/07\/Heritage-home.jpg\" class=\"attachment-full size-full\" alt=\"\" loading=\"lazy\" srcset=\"https:\/\/brac-home.com\/wp-content\/uploads\/2021\/07\/Heritage-home.jpg 2002w, https:\/\/brac-home.com\/wp-content\/uploads\/2021\/07\/Heritage-home-300x300.jpg 300w, https:\/\/brac-home.com\/wp-content\/uploads\/2021\/07\/Heritage-home-1024x1024.jpg 1024w, https:\/\/brac-home.com\/wp-content\/uploads\/2021\/07\/Heritage-home-150x150.jpg 150w, https:\/\/brac-home.com\/wp-content\/uploads\/2021\/07\/Heritage-home-768x767.jpg 768w, https:\/\/brac-home.com\/wp-content\/uploads\/2021\/07\/Heritage-home-1536x1534.jpg 1536w, https:\/\/brac-home.com\/wp-content\/uploads\/2021\/07\/Heritage-home-164x164.jpg 164w\" sizes=\"(max-width: 2002px) 100vw, 2002px\" \/>\t\t\t\t\t\t\t\t\t\t\t\t\t\t\t<\/div>\n\t\t\t\t<\/div>\n\t\t\t\t<div class=\"elementor-element elementor-element-7c744a9 elementor-position-top elementor-vertical-align-top elementor-widget elementor-widget-image-box\" data-id=\"7c744a9\" data-element_type=\"widget\" data-widget_type=\"image-box.default\">\n\t\t\t\t<div class=\"elementor-widget-container\">\n\t\t\t<div class=\"elementor-image-box-wrapper\"><div class=\"elementor-image-box-content\"><h3 class=\"elementor-image-box-title\">Island Getaway - Heritage House<\/h3><p class=\"elementor-image-box-description\">Absol\u00fatne s\u00fakromie medzi letoviskami Mirca a Sutivan na ostrove Bra\u010d. Za\u017eite dovolenku v ikonickom kammenom dome v starom dalmat\u00ednskom \u0161t\u00fdle k\u00fasok od pl\u00e1\u017ee.<\/p><\/div><\/div>\t\t<\/div>\n\t\t\t\t<\/div>\n\t\t\t\t<div class=\"elementor-element elementor-element-4a64b1b elementor-align-left elementor-widget__width-initial elementor-mobile-align-left elementor-widget-tablet__width-initial elementor-widget-mobile__width-inherit elementor-widget elementor-widget-button\" data-id=\"4a64b1b\" data-element_type=\"widget\" data-widget_type=\"button.default\">\n\t\t\t\t<div class=\"elementor-widget-container\">\n\t\t\t\t\t<div class=\"elementor-button-wrapper\">\n\t\t\t<a href=\"http:\/\/www.booking.com\/Share-4nXHQO\" target=\"_blank\" class=\"elementor-button-link elementor-button elementor-size-sm\" role=\"button\">\n\t\t\t\t\t\t<span class=\"elementor-button-content-wrapper\">\n\t\t\t\t\t\t<span class=\"elementor-button-text\">Rezervova\u0165<\/span>\n\t\t<\/span>\n\t\t\t\t\t<\/a>\n\t\t<\/div>\n\t\t\t\t<\/div>\n\t\t\t\t<\/div>\n\t\t\t\t\t<\/div>\n\t\t<\/div>\n\t\t\t\t<div class=\"elementor-column elementor-col-50 elementor-inner-column elementor-element elementor-element-fe51cf0\" data-id=\"fe51cf0\" data-element_type=\"column\">\n\t\t\t<div class=\"elementor-widget-wrap elementor-element-populated\">\n\t\t\t\t\t\t\t\t<div class=\"elementor-element elementor-element-dc68df4 elementor-widget elementor-widget-image\" data-id=\"dc68df4\" data-element_type=\"widget\" data-widget_type=\"image.default\">\n\t\t\t\t<div class=\"elementor-widget-container\">\n\t\t\t\t\t\t\t\t\t\t\t\t\t\t\t<img decoding=\"async\" width=\"2001\" height=\"2000\" src=\"https:\/\/brac-home.com\/wp-content\/uploads\/2021\/06\/home_magic2.jpg\" class=\"attachment-full size-full\" alt=\"\" loading=\"lazy\" srcset=\"https:\/\/brac-home.com\/wp-content\/uploads\/2021\/06\/home_magic2.jpg 2001w, https:\/\/brac-home.com\/wp-content\/uploads\/2021\/06\/home_magic2-300x300.jpg 300w, https:\/\/brac-home.com\/wp-content\/uploads\/2021\/06\/home_magic2-1024x1024.jpg 1024w, https:\/\/brac-home.com\/wp-content\/uploads\/2021\/06\/home_magic2-150x150.jpg 150w, https:\/\/brac-home.com\/wp-content\/uploads\/2021\/06\/home_magic2-768x768.jpg 768w, https:\/\/brac-home.com\/wp-content\/uploads\/2021\/06\/home_magic2-1536x1536.jpg 1536w, https:\/\/brac-home.com\/wp-content\/uploads\/2021\/06\/home_magic2-164x164.jpg 164w\" sizes=\"(max-width: 2001px) 100vw, 2001px\" \/>\t\t\t\t\t\t\t\t\t\t\t\t\t\t\t<\/div>\n\t\t\t\t<\/div>\n\t\t\t\t<div class=\"elementor-element elementor-element-62e9b89 elementor-position-top elementor-vertical-align-top elementor-widget elementor-widget-image-box\" data-id=\"62e9b89\" data-element_type=\"widget\" data-widget_type=\"image-box.default\">\n\t\t\t\t<div class=\"elementor-widget-container\">\n\t\t\t<div class=\"elementor-image-box-wrapper\"><div class=\"elementor-image-box-content\"><h3 class=\"elementor-image-box-title\">Magical Island Home<\/h3><p class=\"elementor-image-box-description\">Ikonick\u00e9 ubytovanie na ostrove Bra\u010d v Chorv\u00e1stku v absol\u00fatnom s\u00fakrom\u00ed. Doprajte si Va\u0161u luxusn\u00fa, ni\u010d\u00edm neru\u0161en\u00fa dovolenku v Chorv\u00e1tsku.<\/p><\/div><\/div>\t\t<\/div>\n\t\t\t\t<\/div>\n\t\t\t\t<div class=\"elementor-element elementor-element-a11013d elementor-align-left elementor-widget__width-initial elementor-mobile-align-left elementor-widget-tablet__width-initial elementor-widget-mobile__width-inherit elementor-widget elementor-widget-button\" data-id=\"a11013d\" data-element_type=\"widget\" data-widget_type=\"button.default\">\n\t\t\t\t<div class=\"elementor-widget-container\">\n\t\t\t\t\t<div class=\"elementor-button-wrapper\">\n\t\t\t<a href=\"https:\/\/www.booking.com\/hotel\/hr\/magical-island-home.en-gb.html?aid=1258472&#038;checkin=2021-09-05&#038;checkout=2021-09-12&#038;dest_id=-89241&#038;dest_type=city&#038;group_adults=2&#038;group_children=0&#038;label=Share-XVcnslk%401628869171&#038;no_rooms=1&#038;room1=A%2CA\" target=\"_blank\" class=\"elementor-button-link elementor-button elementor-size-sm\" role=\"button\">\n\t\t\t\t\t\t<span class=\"elementor-button-content-wrapper\">\n\t\t\t\t\t\t<span class=\"elementor-button-text\">Rezervova\u0165<\/span>\n\t\t<\/span>\n\t\t\t\t\t<\/a>\n\t\t<\/div>\n\t\t\t\t<\/div>\n\t\t\t\t<\/div>\n\t\t\t\t\t<\/div>\n\t\t<\/div>\n\t\t\t\t\t\t\t<\/div>\n\t\t<\/section>\n\t\t\t\t\t<\/div>\n\t\t<\/div>\n\t\t\t\t\t\t\t<\/div>\n\t\t<\/section>\n\t\t\t\t\t\t\t<\/div>\n\t\t","protected":false},"excerpt":{"rendered":"<p>Apartm\u00e1ny na pren\u00e1jom Vyberte si z na\u0161ej ponuky apartm\u00e1nov na pren\u00e1jom a za\u017eite \u00fa\u017easn\u00fa dovolenku na ostrove Bra\u010d v Chorv\u00e1tsku. Pom\u00f4\u017eem V\u00e1m? Ponuka ubytovania na Bra\u010di Pon\u00fakame V\u00e1m na pren\u00e1jom nasledovn\u00e9 apartm\u00e1ny. View All Island Getaway &#8211; Heritage House Absol\u00fatne s\u00fakromie medzi letoviskami Mirca a Sutivan na ostrove Bra\u010d. Za\u017eite dovolenku v ikonickom kammenom dome &hellip;<\/p>\n<p class=\"read-more\"> <a class=\"\" href=\"https:\/\/brac-home.com\/sk\/book-now\/\"> <span class=\"screen-reader-text\">Book now<\/span> \u010c\u00edtajte viac &raquo;<\/a><\/p>\n","protected":false},"author":1,"featured_media":0,"parent":0,"menu_order":0,"comment_status":"closed","ping_status":"closed","template":"","meta":[],"yoast_head":"<!-- This site is optimized with the Yoast SEO plugin v19.10 - https:\/\/yoast.com\/wordpress\/plugins\/seo\/ -->\n<title>Book now | BRAC-HOME.com<\/title>\n<meta name=\"robots\" content=\"index, follow, max-snippet:-1, max-image-preview:large, max-video-preview:-1\" \/>\n<link rel=\"canonical\" href=\"https:\/\/brac-home.com\/sk\/book-now\/\" \/>\n<meta property=\"og:locale\" content=\"sk_SK\" \/>\n<meta property=\"og:type\" content=\"article\" \/>\n<meta property=\"og:title\" content=\"Book now | BRAC-HOME.com\" \/>\n<meta property=\"og:description\" content=\"Apartm\u00e1ny na pren\u00e1jom Vyberte si z na\u0161ej ponuky apartm\u00e1nov na pren\u00e1jom a za\u017eite \u00fa\u017easn\u00fa dovolenku na ostrove Bra\u010d v Chorv\u00e1tsku. Pom\u00f4\u017eem V\u00e1m? Ponuka ubytovania na Bra\u010di Pon\u00fakame V\u00e1m na pren\u00e1jom nasledovn\u00e9 apartm\u00e1ny. View All Island Getaway &#8211; Heritage House Absol\u00fatne s\u00fakromie medzi letoviskami Mirca a Sutivan na ostrove Bra\u010d. Za\u017eite dovolenku v ikonickom kammenom dome &hellip; Book now \u010c\u00edtajte viac &raquo;\" \/>\n<meta property=\"og:url\" content=\"https:\/\/brac-home.com\/sk\/book-now\/\" \/>\n<meta property=\"og:site_name\" content=\"BRAC-HOME.com\" \/>\n<meta property=\"article:publisher\" content=\"https:\/\/www.facebook.com\/Magical-Island-Home-105588281777189\/?ref=py_c\" \/>\n<meta property=\"article:modified_time\" content=\"2022-03-19T12:33:43+00:00\" \/>\n<meta property=\"og:image\" content=\"https:\/\/brac-home.com\/wp-content\/uploads\/2021\/07\/Heritage-home.jpg\" \/>\n<meta name=\"twitter:card\" content=\"summary_large_image\" \/>\n<meta name=\"twitter:label1\" content=\"Predpokladan\u00fd \u010das \u010d\u00edtania\" \/>\n\t<meta name=\"twitter:data1\" content=\"1 min\u00fata\" \/>\n<script type=\"application\/ld+json\" class=\"yoast-schema-graph\">{\"@context\":\"https:\/\/schema.org\",\"@graph\":[{\"@type\":\"WebPage\",\"@id\":\"https:\/\/brac-home.com\/sk\/book-now\/\",\"url\":\"https:\/\/brac-home.com\/sk\/book-now\/\",\"name\":\"Book now | BRAC-HOME.com\",\"isPartOf\":{\"@id\":\"https:\/\/brac-home.com\/sk\/#website\"},\"datePublished\":\"2021-10-20T06:57:47+00:00\",\"dateModified\":\"2022-03-19T12:33:43+00:00\",\"breadcrumb\":{\"@id\":\"https:\/\/brac-home.com\/sk\/book-now\/#breadcrumb\"},\"inLanguage\":\"sk-SK\",\"potentialAction\":[{\"@type\":\"ReadAction\",\"target\":[\"https:\/\/brac-home.com\/sk\/book-now\/\"]}]},{\"@type\":\"BreadcrumbList\",\"@id\":\"https:\/\/brac-home.com\/sk\/book-now\/#breadcrumb\",\"itemListElement\":[{\"@type\":\"ListItem\",\"position\":1,\"name\":\"Domovsk\u00e1 str\u00e1nka\",\"item\":\"https:\/\/brac-home.com\/sk\/\"},{\"@type\":\"ListItem\",\"position\":2,\"name\":\"Book now\"}]},{\"@type\":\"WebSite\",\"@id\":\"https:\/\/brac-home.com\/sk\/#website\",\"url\":\"https:\/\/brac-home.com\/sk\/\",\"name\":\"BRAC-HOME.com\",\"description\":\"Ubytovanie v Chorv\u00e1tsku, ostrov Bra\u010d\",\"publisher\":{\"@id\":\"https:\/\/brac-home.com\/sk\/#organization\"},\"potentialAction\":[{\"@type\":\"SearchAction\",\"target\":{\"@type\":\"EntryPoint\",\"urlTemplate\":\"https:\/\/brac-home.com\/sk\/?s={search_term_string}\"},\"query-input\":\"required name=search_term_string\"}],\"inLanguage\":\"sk-SK\"},{\"@type\":\"Organization\",\"@id\":\"https:\/\/brac-home.com\/sk\/#organization\",\"name\":\"BRAC-HOME.com\",\"url\":\"https:\/\/brac-home.com\/sk\/\",\"logo\":{\"@type\":\"ImageObject\",\"inLanguage\":\"sk-SK\",\"@id\":\"https:\/\/brac-home.com\/sk\/#\/schema\/logo\/image\/\",\"url\":\"https:\/\/brac-home.com\/wp-content\/uploads\/2022\/02\/Brac-Home_FINAL-2.png\",\"contentUrl\":\"https:\/\/brac-home.com\/wp-content\/uploads\/2022\/02\/Brac-Home_FINAL-2.png\",\"width\":405,\"height\":293,\"caption\":\"BRAC-HOME.com\"},\"image\":{\"@id\":\"https:\/\/brac-home.com\/sk\/#\/schema\/logo\/image\/\"},\"sameAs\":[\"https:\/\/www.instagram.com\/brac_home\/\",\"https:\/\/www.youtube.com\/channel\/UCwhl2AVDxYKgUtssqaxfH6A\",\"https:\/\/www.facebook.com\/Magical-Island-Home-105588281777189\/?ref=py_c\"]}]}<\/script>\n<!-- \/ Yoast SEO plugin. -->","yoast_head_json":{"title":"Book now | BRAC-HOME.com","robots":{"index":"index","follow":"follow","max-snippet":"max-snippet:-1","max-image-preview":"max-image-preview:large","max-video-preview":"max-video-preview:-1"},"canonical":"https:\/\/brac-home.com\/sk\/book-now\/","og_locale":"sk_SK","og_type":"article","og_title":"Book now | BRAC-HOME.com","og_description":"Apartm\u00e1ny na pren\u00e1jom Vyberte si z na\u0161ej ponuky apartm\u00e1nov na pren\u00e1jom a za\u017eite \u00fa\u017easn\u00fa dovolenku na ostrove Bra\u010d v Chorv\u00e1tsku. Pom\u00f4\u017eem V\u00e1m? Ponuka ubytovania na Bra\u010di Pon\u00fakame V\u00e1m na pren\u00e1jom nasledovn\u00e9 apartm\u00e1ny. View All Island Getaway &#8211; Heritage House Absol\u00fatne s\u00fakromie medzi letoviskami Mirca a Sutivan na ostrove Bra\u010d. Za\u017eite dovolenku v ikonickom kammenom dome &hellip; Book now \u010c\u00edtajte viac &raquo;","og_url":"https:\/\/brac-home.com\/sk\/book-now\/","og_site_name":"BRAC-HOME.com","article_publisher":"https:\/\/www.facebook.com\/Magical-Island-Home-105588281777189\/?ref=py_c","article_modified_time":"2022-03-19T12:33:43+00:00","og_image":[{"url":"https:\/\/brac-home.com\/wp-content\/uploads\/2021\/07\/Heritage-home.jpg"}],"twitter_card":"summary_large_image","twitter_misc":{"Predpokladan\u00fd \u010das \u010d\u00edtania":"1 min\u00fata"},"schema":{"@context":"https:\/\/schema.org","@graph":[{"@type":"WebPage","@id":"https:\/\/brac-home.com\/sk\/book-now\/","url":"https:\/\/brac-home.com\/sk\/book-now\/","name":"Book now | BRAC-HOME.com","isPartOf":{"@id":"https:\/\/brac-home.com\/sk\/#website"},"datePublished":"2021-10-20T06:57:47+00:00","dateModified":"2022-03-19T12:33:43+00:00","breadcrumb":{"@id":"https:\/\/brac-home.com\/sk\/book-now\/#breadcrumb"},"inLanguage":"sk-SK","potentialAction":[{"@type":"ReadAction","target":["https:\/\/brac-home.com\/sk\/book-now\/"]}]},{"@type":"BreadcrumbList","@id":"https:\/\/brac-home.com\/sk\/book-now\/#breadcrumb","itemListElement":[{"@type":"ListItem","position":1,"name":"Domovsk\u00e1 str\u00e1nka","item":"https:\/\/brac-home.com\/sk\/"},{"@type":"ListItem","position":2,"name":"Book now"}]},{"@type":"WebSite","@id":"https:\/\/brac-home.com\/sk\/#website","url":"https:\/\/brac-home.com\/sk\/","name":"BRAC-HOME.com","description":"Ubytovanie v Chorv\u00e1tsku, ostrov Bra\u010d","publisher":{"@id":"https:\/\/brac-home.com\/sk\/#organization"},"potentialAction":[{"@type":"SearchAction","target":{"@type":"EntryPoint","urlTemplate":"https:\/\/brac-home.com\/sk\/?s={search_term_string}"},"query-input":"required name=search_term_string"}],"inLanguage":"sk-SK"},{"@type":"Organization","@id":"https:\/\/brac-home.com\/sk\/#organization","name":"BRAC-HOME.com","url":"https:\/\/brac-home.com\/sk\/","logo":{"@type":"ImageObject","inLanguage":"sk-SK","@id":"https:\/\/brac-home.com\/sk\/#\/schema\/logo\/image\/","url":"https:\/\/brac-home.com\/wp-content\/uploads\/2022\/02\/Brac-Home_FINAL-2.png","contentUrl":"https:\/\/brac-home.com\/wp-content\/uploads\/2022\/02\/Brac-Home_FINAL-2.png","width":405,"height":293,"caption":"BRAC-HOME.com"},"image":{"@id":"https:\/\/brac-home.com\/sk\/#\/schema\/logo\/image\/"},"sameAs":["https:\/\/www.instagram.com\/brac_home\/","https:\/\/www.youtube.com\/channel\/UCwhl2AVDxYKgUtssqaxfH6A","https:\/\/www.facebook.com\/Magical-Island-Home-105588281777189\/?ref=py_c"]}]}},"_links":{"self":[{"href":"https:\/\/brac-home.com\/sk\/wp-json\/wp\/v2\/pages\/2983"}],"collection":[{"href":"https:\/\/brac-home.com\/sk\/wp-json\/wp\/v2\/pages"}],"about":[{"href":"https:\/\/brac-home.com\/sk\/wp-json\/wp\/v2\/types\/page"}],"author":[{"embeddable":true,"href":"https:\/\/brac-home.com\/sk\/wp-json\/wp\/v2\/users\/1"}],"replies":[{"embeddable":true,"href":"https:\/\/brac-home.com\/sk\/wp-json\/wp\/v2\/comments?post=2983"}],"version-history":[{"count":31,"href":"https:\/\/brac-home.com\/sk\/wp-json\/wp\/v2\/pages\/2983\/revisions"}],"predecessor-version":[{"id":8121,"href":"https:\/\/brac-home.com\/sk\/wp-json\/wp\/v2\/pages\/2983\/revisions\/8121"}],"wp:attachment":[{"href":"https:\/\/brac-home.com\/sk\/wp-json\/wp\/v2\/media?parent=2983"}],"curies":[{"name":"wp","href":"https:\/\/api.w.org\/{rel}","templated":true}]}}