{"id":947,"date":"2021-07-15T09:11:17","date_gmt":"2021-07-15T07:11:17","guid":{"rendered":"https:\/\/brac-home.com\/?page_id=947"},"modified":"2021-09-04T13:07:08","modified_gmt":"2021-09-04T11:07:08","slug":"ponuka-nehnutelnosti","status":"publish","type":"page","link":"https:\/\/brac-home.com\/sk\/ponuka-nehnutelnosti\/","title":{"rendered":"Ponuka nehnute\u013enost\u00ed na predaj"},"content":{"rendered":"\t\t<div data-elementor-type=\"wp-page\" data-elementor-id=\"947\" class=\"elementor elementor-947\">\n\t\t\t\t\t\t\t\t\t<section class=\"elementor-section elementor-top-section elementor-element elementor-element-be17ba7 elementor-section-boxed elementor-section-height-default elementor-section-height-default\" data-id=\"be17ba7\" data-element_type=\"section\" data-settings=\"{&quot;background_background&quot;:&quot;classic&quot;}\">\n\t\t\t\t\t\t\t<div class=\"elementor-background-overlay\"><\/div>\n\t\t\t\t\t\t\t<div class=\"elementor-container elementor-column-gap-default\">\n\t\t\t\t\t<div class=\"elementor-column elementor-col-100 elementor-top-column elementor-element elementor-element-4ee5b36\" data-id=\"4ee5b36\" data-element_type=\"column\">\n\t\t\t<div class=\"elementor-widget-wrap elementor-element-populated\">\n\t\t\t\t\t\t\t\t<div class=\"elementor-element elementor-element-b707b08 elementor-widget elementor-widget-heading\" data-id=\"b707b08\" data-element_type=\"widget\" data-widget_type=\"heading.default\">\n\t\t\t\t<div class=\"elementor-widget-container\">\n\t\t\t<h1 class=\"elementor-heading-title elementor-size-default\">Ponuka nehnute\u013enost\u00ed na predaj na ostrove Bra\u010d<\/h1>\t\t<\/div>\n\t\t\t\t<\/div>\n\t\t\t\t<div class=\"elementor-element elementor-element-5915bb4 elementor-widget elementor-widget-text-editor\" data-id=\"5915bb4\" data-element_type=\"widget\" data-widget_type=\"text-editor.default\">\n\t\t\t\t<div class=\"elementor-widget-container\">\n\t\t\t\t\t\t\t<p>Uva\u017eujete o invest\u00edcii do nehnute\u013enosti na ostrove Bra\u010d? Vyberte si z na\u0161ej ponuky a vyu\u017eite na\u0161e slu\u017eby pri k\u00fape nehnute\u013enosti Bra\u010di.<\/p>\t\t\t\t\t\t<\/div>\n\t\t\t\t<\/div>\n\t\t\t\t\t<\/div>\n\t\t<\/div>\n\t\t\t\t\t\t\t<\/div>\n\t\t<\/section>\n\t\t\t\t<section class=\"elementor-section elementor-top-section elementor-element elementor-element-fb93083 elementor-section-boxed elementor-section-height-default elementor-section-height-default\" data-id=\"fb93083\" data-element_type=\"section\" data-settings=\"{&quot;background_background&quot;:&quot;classic&quot;}\">\n\t\t\t\t\t\t<div class=\"elementor-container elementor-column-gap-default\">\n\t\t\t\t\t<div class=\"elementor-column elementor-col-100 elementor-top-column elementor-element elementor-element-f235119\" data-id=\"f235119\" data-element_type=\"column\">\n\t\t\t<div class=\"elementor-widget-wrap elementor-element-populated\">\n\t\t\t\t\t\t\t\t<div class=\"elementor-element elementor-element-c529d40 elementor-widget elementor-widget-heading\" data-id=\"c529d40\" data-element_type=\"widget\" data-widget_type=\"heading.default\">\n\t\t\t\t<div class=\"elementor-widget-container\">\n\t\t\t<h2 class=\"elementor-heading-title elementor-size-default\">Najnov\u0161ie nehnute\u013enosti na predaj<\/h2>\t\t<\/div>\n\t\t\t\t<\/div>\n\t\t\t\t<div class=\"elementor-element elementor-element-53bae4a elementor-widget elementor-widget-text-editor\" data-id=\"53bae4a\" data-element_type=\"widget\" data-widget_type=\"text-editor.default\">\n\t\t\t\t<div class=\"elementor-widget-container\">\n\t\t\t\t\t\t\t<p>V pr\u00edpade z\u00e1ujmu n\u00e1s nev\u00e1hajte kontaktova\u0165 na <a href=\"mailto:info@brac-home.com\">info@brac-home.com<\/a><\/p>\t\t\t\t\t\t<\/div>\n\t\t\t\t<\/div>\n\t\t\t\t<div class=\"elementor-element elementor-element-708e63d elementor-widget elementor-widget-text-editor\" data-id=\"708e63d\" data-element_type=\"widget\" data-widget_type=\"text-editor.default\">\n\t\t\t\t<div class=\"elementor-widget-container\">\n\t\t\t\t\t\t\t<script>\r\n\tjQuery(function($){\r\n\t\t$(document).ready(function() {\r\n\t\t\t$(\".nehnutelnosti-listing-wrapper .nehnutelnost-wrapper\").click(function() {\r\n\r\n\t\t\t\tsingleNehnutelnostLink = $(this).attr(\"data-link\");\r\n\t\t\t\tif( (singleNehnutelnostLink !== \"\") && (singleNehnutelnostLink !== undefined) ){\r\n\t\t\t\t\t\/\/ console.log(singleNehnutelnostLink);\r\n\t\t\t\t\twindow.location.href = singleNehnutelnostLink;\r\n\t\t\t\t};\r\n\r\n\t\t\t});\r\n\t\t});\r\n\t});\r\n\t<\/script><div class=\"nehnutelnosti-listing-wrapper\"><\/div><div class=\"pagination-wrapper\"><\/div>\t\t\t\t\t\t<\/div>\n\t\t\t\t<\/div>\n\t\t\t\t\t<\/div>\n\t\t<\/div>\n\t\t\t\t\t\t\t<\/div>\n\t\t<\/section>\n\t\t\t\t<section class=\"elementor-section elementor-top-section elementor-element elementor-element-4edbebf elementor-section-boxed elementor-section-height-default elementor-section-height-default\" data-id=\"4edbebf\" data-element_type=\"section\" data-settings=\"{&quot;background_background&quot;:&quot;classic&quot;}\">\n\t\t\t\t\t\t\t<div class=\"elementor-background-overlay\"><\/div>\n\t\t\t\t\t\t\t<div class=\"elementor-container elementor-column-gap-no\">\n\t\t\t\t\t<div class=\"elementor-column elementor-col-100 elementor-top-column elementor-element elementor-element-8bccfaf\" data-id=\"8bccfaf\" data-element_type=\"column\">\n\t\t\t<div class=\"elementor-widget-wrap elementor-element-populated\">\n\t\t\t\t\t\t\t\t<div class=\"elementor-element elementor-element-5984b78 elementor-widget elementor-widget-heading\" data-id=\"5984b78\" data-element_type=\"widget\" data-widget_type=\"heading.default\">\n\t\t\t\t<div class=\"elementor-widget-container\">\n\t\t\t<h2 class=\"elementor-heading-title elementor-size-default\">Predaj nehnute\u013enost\u00ed na ostrove Bra\u010d<\/h2>\t\t<\/div>\n\t\t\t\t<\/div>\n\t\t\t\t<div class=\"elementor-element elementor-element-4953186 elementor-widget elementor-widget-text-editor\" data-id=\"4953186\" data-element_type=\"widget\" data-widget_type=\"text-editor.default\">\n\t\t\t\t<div class=\"elementor-widget-container\">\n\t\t\t\t\t\t\t<p>Kontaktujte n\u00e1s<\/p>\t\t\t\t\t\t<\/div>\n\t\t\t\t<\/div>\n\t\t\t\t<div class=\"elementor-element elementor-element-b1ae3c4 elementor-widget elementor-widget-heading\" data-id=\"b1ae3c4\" data-element_type=\"widget\" data-widget_type=\"heading.default\">\n\t\t\t\t<div class=\"elementor-widget-container\">\n\t\t\t<p class=\"elementor-heading-title elementor-size-default\">NEHNUTE\u013dNOSTI NA OSTROVE BRA\u010c<\/p>\t\t<\/div>\n\t\t\t\t<\/div>\n\t\t\t\t<div class=\"elementor-element elementor-element-99b4bcb elementor-align-center elementor-icon-list--layout-traditional elementor-list-item-link-full_width elementor-widget elementor-widget-icon-list\" data-id=\"99b4bcb\" data-element_type=\"widget\" data-widget_type=\"icon-list.default\">\n\t\t\t\t<div class=\"elementor-widget-container\">\n\t\t\t\t\t<ul class=\"elementor-icon-list-items\">\n\t\t\t\t\t\t\t<li class=\"elementor-icon-list-item\">\n\t\t\t\t\t\t\t\t\t\t\t<a href=\"mailto:info@brac-home.com\">\n\n\t\t\t\t\t\t\t\t\t\t\t\t<span class=\"elementor-icon-list-icon\">\n\t\t\t\t\t\t\t<i aria-hidden=\"true\" class=\"fas fa-envelope\"><\/i>\t\t\t\t\t\t<\/span>\n\t\t\t\t\t\t\t\t\t\t<span class=\"elementor-icon-list-text\">info@brac-home.com<\/span>\n\t\t\t\t\t\t\t\t\t\t\t<\/a>\n\t\t\t\t\t\t\t\t\t<\/li>\n\t\t\t\t\t\t<\/ul>\n\t\t\t\t<\/div>\n\t\t\t\t<\/div>\n\t\t\t\t<div class=\"elementor-element elementor-element-069e15c elementor-align-center elementor-icon-list--layout-traditional elementor-list-item-link-full_width elementor-widget elementor-widget-icon-list\" data-id=\"069e15c\" data-element_type=\"widget\" data-widget_type=\"icon-list.default\">\n\t\t\t\t<div class=\"elementor-widget-container\">\n\t\t\t\t\t<ul class=\"elementor-icon-list-items\">\n\t\t\t\t\t\t\t<li class=\"elementor-icon-list-item\">\n\t\t\t\t\t\t\t\t\t\t\t<a href=\"tel:+385919004604\">\n\n\t\t\t\t\t\t\t\t\t\t\t\t<span class=\"elementor-icon-list-icon\">\n\t\t\t\t\t\t\t<i aria-hidden=\"true\" class=\"fas fa-phone-alt\"><\/i>\t\t\t\t\t\t<\/span>\n\t\t\t\t\t\t\t\t\t\t<span class=\"elementor-icon-list-text\">+385 \/ 91 900 46 04<\/span>\n\t\t\t\t\t\t\t\t\t\t\t<\/a>\n\t\t\t\t\t\t\t\t\t<\/li>\n\t\t\t\t\t\t<\/ul>\n\t\t\t\t<\/div>\n\t\t\t\t<\/div>\n\t\t\t\t<div class=\"elementor-element elementor-element-c4b92f2 elementor-align-center elementor-icon-list--layout-traditional elementor-list-item-link-full_width elementor-widget elementor-widget-icon-list\" data-id=\"c4b92f2\" data-element_type=\"widget\" data-widget_type=\"icon-list.default\">\n\t\t\t\t<div class=\"elementor-widget-container\">\n\t\t\t\t\t<ul class=\"elementor-icon-list-items\">\n\t\t\t\t\t\t\t<li class=\"elementor-icon-list-item\">\n\t\t\t\t\t\t\t\t\t\t\t<a href=\"tel:+421903319401\">\n\n\t\t\t\t\t\t\t\t\t\t\t\t<span class=\"elementor-icon-list-icon\">\n\t\t\t\t\t\t\t<i aria-hidden=\"true\" class=\"fas fa-phone-alt\"><\/i>\t\t\t\t\t\t<\/span>\n\t\t\t\t\t\t\t\t\t\t<span class=\"elementor-icon-list-text\">+421 903 319 401<\/span>\n\t\t\t\t\t\t\t\t\t\t\t<\/a>\n\t\t\t\t\t\t\t\t\t<\/li>\n\t\t\t\t\t\t<\/ul>\n\t\t\t\t<\/div>\n\t\t\t\t<\/div>\n\t\t\t\t<div class=\"elementor-element elementor-element-a1a7013 elementor-align-center elementor-icon-list--layout-traditional elementor-list-item-link-full_width elementor-widget elementor-widget-icon-list\" data-id=\"a1a7013\" data-element_type=\"widget\" data-widget_type=\"icon-list.default\">\n\t\t\t\t<div class=\"elementor-widget-container\">\n\t\t\t\t\t<ul class=\"elementor-icon-list-items\">\n\t\t\t\t\t\t\t<li class=\"elementor-icon-list-item\">\n\t\t\t\t\t\t\t\t\t\t\t<a href=\"tel:+421903580554\">\n\n\t\t\t\t\t\t\t\t\t\t\t\t<span class=\"elementor-icon-list-icon\">\n\t\t\t\t\t\t\t<i aria-hidden=\"true\" class=\"fas fa-phone-alt\"><\/i>\t\t\t\t\t\t<\/span>\n\t\t\t\t\t\t\t\t\t\t<span class=\"elementor-icon-list-text\">+421 903 580 554<\/span>\n\t\t\t\t\t\t\t\t\t\t\t<\/a>\n\t\t\t\t\t\t\t\t\t<\/li>\n\t\t\t\t\t\t<\/ul>\n\t\t\t\t<\/div>\n\t\t\t\t<\/div>\n\t\t\t\t\t<\/div>\n\t\t<\/div>\n\t\t\t\t\t\t\t<\/div>\n\t\t<\/section>\n\t\t\t\t\t\t\t<\/div>\n\t\t","protected":false},"excerpt":{"rendered":"<p>Ponuka nehnute\u013enost\u00ed na predaj na ostrove Bra\u010d Uva\u017eujete o invest\u00edcii do nehnute\u013enosti na ostrove Bra\u010d? Vyberte si z na\u0161ej ponuky a vyu\u017eite na\u0161e slu\u017eby pri k\u00fape nehnute\u013enosti Bra\u010di. Najnov\u0161ie nehnute\u013enosti na predaj V pr\u00edpade z\u00e1ujmu n\u00e1s nev\u00e1hajte kontaktova\u0165 na info@brac-home.com Predaj nehnute\u013enost\u00ed na ostrove Bra\u010d Kontaktujte n\u00e1s NEHNUTE\u013dNOSTI NA OSTROVE BRA\u010c info@brac-home.com +385 \/ 91 &hellip;<\/p>\n<p class=\"read-more\"> <a class=\"\" href=\"https:\/\/brac-home.com\/sk\/ponuka-nehnutelnosti\/\"> <span class=\"screen-reader-text\">Ponuka nehnute\u013enost\u00ed na predaj<\/span> \u010c\u00edtajte viac &raquo;<\/a><\/p>\n","protected":false},"author":1,"featured_media":0,"parent":0,"menu_order":0,"comment_status":"closed","ping_status":"closed","template":"","meta":[],"yoast_head":"<!-- This site is optimized with the Yoast SEO plugin v19.10 - https:\/\/yoast.com\/wordpress\/plugins\/seo\/ -->\n<title>Ponuka nehnute\u013enost\u00ed na predaj na ostrove Bra\u010d | BRAC-HOME.com<\/title>\n<meta name=\"description\" content=\"Uva\u017eujete o invest\u00edcii do nehnute\u013enosti na ostrove Bra\u010d? Vyberte si z na\u0161ej ponuky a vyu\u017eite na\u0161e slu\u017eby pri k\u00fape nehnute\u013enosti Bra\u010di.\" \/>\n<meta name=\"robots\" content=\"index, follow, max-snippet:-1, max-image-preview:large, max-video-preview:-1\" \/>\n<link rel=\"canonical\" href=\"https:\/\/brac-home.com\/sk\/ponuka-nehnutelnosti\/\" \/>\n<meta property=\"og:locale\" content=\"sk_SK\" \/>\n<meta property=\"og:type\" content=\"article\" \/>\n<meta property=\"og:title\" content=\"Ponuka nehnute\u013enost\u00ed na predaj na ostrove Bra\u010d | BRAC-HOME.com\" \/>\n<meta property=\"og:description\" content=\"Uva\u017eujete o invest\u00edcii do nehnute\u013enosti na ostrove Bra\u010d? Vyberte si z na\u0161ej ponuky a vyu\u017eite na\u0161e slu\u017eby pri k\u00fape nehnute\u013enosti Bra\u010di.\" \/>\n<meta property=\"og:url\" content=\"https:\/\/brac-home.com\/sk\/ponuka-nehnutelnosti\/\" \/>\n<meta property=\"og:site_name\" content=\"BRAC-HOME.com\" \/>\n<meta property=\"article:publisher\" content=\"https:\/\/www.facebook.com\/Magical-Island-Home-105588281777189\/?ref=py_c\" \/>\n<meta property=\"article:modified_time\" content=\"2021-09-04T11:07:08+00:00\" \/>\n<meta name=\"twitter:card\" content=\"summary_large_image\" \/>\n<meta name=\"twitter:label1\" content=\"Predpokladan\u00fd \u010das \u010d\u00edtania\" \/>\n\t<meta name=\"twitter:data1\" content=\"1 min\u00fata\" \/>\n<script type=\"application\/ld+json\" class=\"yoast-schema-graph\">{\"@context\":\"https:\/\/schema.org\",\"@graph\":[{\"@type\":\"WebPage\",\"@id\":\"https:\/\/brac-home.com\/sk\/ponuka-nehnutelnosti\/\",\"url\":\"https:\/\/brac-home.com\/sk\/ponuka-nehnutelnosti\/\",\"name\":\"Ponuka nehnute\u013enost\u00ed na predaj na ostrove Bra\u010d | BRAC-HOME.com\",\"isPartOf\":{\"@id\":\"https:\/\/brac-home.com\/sk\/#website\"},\"datePublished\":\"2021-07-15T07:11:17+00:00\",\"dateModified\":\"2021-09-04T11:07:08+00:00\",\"description\":\"Uva\u017eujete o invest\u00edcii do nehnute\u013enosti na ostrove Bra\u010d? Vyberte si z na\u0161ej ponuky a vyu\u017eite na\u0161e slu\u017eby pri k\u00fape nehnute\u013enosti Bra\u010di.\",\"breadcrumb\":{\"@id\":\"https:\/\/brac-home.com\/sk\/ponuka-nehnutelnosti\/#breadcrumb\"},\"inLanguage\":\"sk-SK\",\"potentialAction\":[{\"@type\":\"ReadAction\",\"target\":[\"https:\/\/brac-home.com\/sk\/ponuka-nehnutelnosti\/\"]}]},{\"@type\":\"BreadcrumbList\",\"@id\":\"https:\/\/brac-home.com\/sk\/ponuka-nehnutelnosti\/#breadcrumb\",\"itemListElement\":[{\"@type\":\"ListItem\",\"position\":1,\"name\":\"Domovsk\u00e1 str\u00e1nka\",\"item\":\"https:\/\/brac-home.com\/sk\/\"},{\"@type\":\"ListItem\",\"position\":2,\"name\":\"Ponuka nehnute\u013enost\u00ed na predaj\"}]},{\"@type\":\"WebSite\",\"@id\":\"https:\/\/brac-home.com\/sk\/#website\",\"url\":\"https:\/\/brac-home.com\/sk\/\",\"name\":\"BRAC-HOME.com\",\"description\":\"Ubytovanie v Chorv\u00e1tsku, ostrov Bra\u010d\",\"publisher\":{\"@id\":\"https:\/\/brac-home.com\/sk\/#organization\"},\"potentialAction\":[{\"@type\":\"SearchAction\",\"target\":{\"@type\":\"EntryPoint\",\"urlTemplate\":\"https:\/\/brac-home.com\/sk\/?s={search_term_string}\"},\"query-input\":\"required name=search_term_string\"}],\"inLanguage\":\"sk-SK\"},{\"@type\":\"Organization\",\"@id\":\"https:\/\/brac-home.com\/sk\/#organization\",\"name\":\"BRAC-HOME.com\",\"url\":\"https:\/\/brac-home.com\/sk\/\",\"logo\":{\"@type\":\"ImageObject\",\"inLanguage\":\"sk-SK\",\"@id\":\"https:\/\/brac-home.com\/sk\/#\/schema\/logo\/image\/\",\"url\":\"https:\/\/brac-home.com\/wp-content\/uploads\/2022\/02\/Brac-Home_FINAL-2.png\",\"contentUrl\":\"https:\/\/brac-home.com\/wp-content\/uploads\/2022\/02\/Brac-Home_FINAL-2.png\",\"width\":405,\"height\":293,\"caption\":\"BRAC-HOME.com\"},\"image\":{\"@id\":\"https:\/\/brac-home.com\/sk\/#\/schema\/logo\/image\/\"},\"sameAs\":[\"https:\/\/www.instagram.com\/brac_home\/\",\"https:\/\/www.youtube.com\/channel\/UCwhl2AVDxYKgUtssqaxfH6A\",\"https:\/\/www.facebook.com\/Magical-Island-Home-105588281777189\/?ref=py_c\"]}]}<\/script>\n<!-- \/ Yoast SEO plugin. -->","yoast_head_json":{"title":"Ponuka nehnute\u013enost\u00ed na predaj na ostrove Bra\u010d | BRAC-HOME.com","description":"Uva\u017eujete o invest\u00edcii do nehnute\u013enosti na ostrove Bra\u010d? Vyberte si z na\u0161ej ponuky a vyu\u017eite na\u0161e slu\u017eby pri k\u00fape nehnute\u013enosti Bra\u010di.","robots":{"index":"index","follow":"follow","max-snippet":"max-snippet:-1","max-image-preview":"max-image-preview:large","max-video-preview":"max-video-preview:-1"},"canonical":"https:\/\/brac-home.com\/sk\/ponuka-nehnutelnosti\/","og_locale":"sk_SK","og_type":"article","og_title":"Ponuka nehnute\u013enost\u00ed na predaj na ostrove Bra\u010d | BRAC-HOME.com","og_description":"Uva\u017eujete o invest\u00edcii do nehnute\u013enosti na ostrove Bra\u010d? Vyberte si z na\u0161ej ponuky a vyu\u017eite na\u0161e slu\u017eby pri k\u00fape nehnute\u013enosti Bra\u010di.","og_url":"https:\/\/brac-home.com\/sk\/ponuka-nehnutelnosti\/","og_site_name":"BRAC-HOME.com","article_publisher":"https:\/\/www.facebook.com\/Magical-Island-Home-105588281777189\/?ref=py_c","article_modified_time":"2021-09-04T11:07:08+00:00","twitter_card":"summary_large_image","twitter_misc":{"Predpokladan\u00fd \u010das \u010d\u00edtania":"1 min\u00fata"},"schema":{"@context":"https:\/\/schema.org","@graph":[{"@type":"WebPage","@id":"https:\/\/brac-home.com\/sk\/ponuka-nehnutelnosti\/","url":"https:\/\/brac-home.com\/sk\/ponuka-nehnutelnosti\/","name":"Ponuka nehnute\u013enost\u00ed na predaj na ostrove Bra\u010d | BRAC-HOME.com","isPartOf":{"@id":"https:\/\/brac-home.com\/sk\/#website"},"datePublished":"2021-07-15T07:11:17+00:00","dateModified":"2021-09-04T11:07:08+00:00","description":"Uva\u017eujete o invest\u00edcii do nehnute\u013enosti na ostrove Bra\u010d? Vyberte si z na\u0161ej ponuky a vyu\u017eite na\u0161e slu\u017eby pri k\u00fape nehnute\u013enosti Bra\u010di.","breadcrumb":{"@id":"https:\/\/brac-home.com\/sk\/ponuka-nehnutelnosti\/#breadcrumb"},"inLanguage":"sk-SK","potentialAction":[{"@type":"ReadAction","target":["https:\/\/brac-home.com\/sk\/ponuka-nehnutelnosti\/"]}]},{"@type":"BreadcrumbList","@id":"https:\/\/brac-home.com\/sk\/ponuka-nehnutelnosti\/#breadcrumb","itemListElement":[{"@type":"ListItem","position":1,"name":"Domovsk\u00e1 str\u00e1nka","item":"https:\/\/brac-home.com\/sk\/"},{"@type":"ListItem","position":2,"name":"Ponuka nehnute\u013enost\u00ed na predaj"}]},{"@type":"WebSite","@id":"https:\/\/brac-home.com\/sk\/#website","url":"https:\/\/brac-home.com\/sk\/","name":"BRAC-HOME.com","description":"Ubytovanie v Chorv\u00e1tsku, ostrov Bra\u010d","publisher":{"@id":"https:\/\/brac-home.com\/sk\/#organization"},"potentialAction":[{"@type":"SearchAction","target":{"@type":"EntryPoint","urlTemplate":"https:\/\/brac-home.com\/sk\/?s={search_term_string}"},"query-input":"required name=search_term_string"}],"inLanguage":"sk-SK"},{"@type":"Organization","@id":"https:\/\/brac-home.com\/sk\/#organization","name":"BRAC-HOME.com","url":"https:\/\/brac-home.com\/sk\/","logo":{"@type":"ImageObject","inLanguage":"sk-SK","@id":"https:\/\/brac-home.com\/sk\/#\/schema\/logo\/image\/","url":"https:\/\/brac-home.com\/wp-content\/uploads\/2022\/02\/Brac-Home_FINAL-2.png","contentUrl":"https:\/\/brac-home.com\/wp-content\/uploads\/2022\/02\/Brac-Home_FINAL-2.png","width":405,"height":293,"caption":"BRAC-HOME.com"},"image":{"@id":"https:\/\/brac-home.com\/sk\/#\/schema\/logo\/image\/"},"sameAs":["https:\/\/www.instagram.com\/brac_home\/","https:\/\/www.youtube.com\/channel\/UCwhl2AVDxYKgUtssqaxfH6A","https:\/\/www.facebook.com\/Magical-Island-Home-105588281777189\/?ref=py_c"]}]}},"_links":{"self":[{"href":"https:\/\/brac-home.com\/sk\/wp-json\/wp\/v2\/pages\/947"}],"collection":[{"href":"https:\/\/brac-home.com\/sk\/wp-json\/wp\/v2\/pages"}],"about":[{"href":"https:\/\/brac-home.com\/sk\/wp-json\/wp\/v2\/types\/page"}],"author":[{"embeddable":true,"href":"https:\/\/brac-home.com\/sk\/wp-json\/wp\/v2\/users\/1"}],"replies":[{"embeddable":true,"href":"https:\/\/brac-home.com\/sk\/wp-json\/wp\/v2\/comments?post=947"}],"version-history":[{"count":30,"href":"https:\/\/brac-home.com\/sk\/wp-json\/wp\/v2\/pages\/947\/revisions"}],"predecessor-version":[{"id":2779,"href":"https:\/\/brac-home.com\/sk\/wp-json\/wp\/v2\/pages\/947\/revisions\/2779"}],"wp:attachment":[{"href":"https:\/\/brac-home.com\/sk\/wp-json\/wp\/v2\/media?parent=947"}],"curies":[{"name":"wp","href":"https:\/\/api.w.org\/{rel}","templated":true}]}}